{"id":4007,"date":"2025-01-14T19:39:12","date_gmt":"2025-01-14T19:39:12","guid":{"rendered":"https:\/\/seratonestudio.com\/a-propos\/"},"modified":"2025-01-14T19:48:12","modified_gmt":"2025-01-14T19:48:12","slug":"a-propos","status":"publish","type":"page","link":"https:\/\/seratonestudio.com\/fr\/a-propos\/","title":{"rendered":"\u00c0 Propos"},"content":{"rendered":"\t\t<div data-elementor-type=\"wp-page\" data-elementor-id=\"4007\" class=\"elementor elementor-4007\" data-elementor-post-type=\"page\">\n\t\t\t\t<div class=\"wolf-core-elementor-row wolf-core-font- elementor-element elementor-element-69bb183 e-flex e-con-boxed e-con e-parent\" data-font-skin=\"\" data-color-tone=\"\" data-id=\"69bb183\" data-element_type=\"container\" data-e-type=\"container\">\n\t\t\t\t\t<div class=\"e-con-inner\">\n\t\t\t\t<div class=\"elementor-element elementor-element-012c7b7 elementor-widget elementor-widget-spacer\" data-id=\"012c7b7\" data-element_type=\"widget\" data-e-type=\"widget\" data-widget_type=\"spacer.default\">\n\t\t\t\t<div class=\"elementor-widget-container\">\n\t\t\t\t\t\t\t<div class=\"elementor-spacer\">\n\t\t\t<div class=\"elementor-spacer-inner\"><\/div>\n\t\t<\/div>\n\t\t\t\t\t\t<\/div>\n\t\t\t\t<\/div>\n\t\t\t\t<div class=\"elementor-element elementor-element-58ebc34 elementor-widget elementor-widget-heading\" data-id=\"58ebc34\" data-element_type=\"widget\" data-e-type=\"widget\" data-widget_type=\"heading.default\">\n\t\t\t\t<div class=\"elementor-widget-container\">\n\t\t\t\t\t<h2 class=\"elementor-heading-title elementor-size-default\">\u00c0 Propos<\/h2>\t\t\t\t<\/div>\n\t\t\t\t<\/div>\n\t\t\t\t\t<\/div>\n\t\t\t\t<\/div>\n\t\t<div class=\"wolf-core-elementor-row wolf-core-font- elementor-element elementor-element-871d782 e-flex e-con-boxed e-con e-parent\" data-font-skin=\"\" data-color-tone=\"\" data-id=\"871d782\" data-element_type=\"container\" data-e-type=\"container\">\n\t\t\t\t\t<div class=\"e-con-inner\">\n\t\t\t\t<div class=\" elementor-element elementor-element-323f435 elementor-widget elementor-widget-text-editor\" data-id=\"323f435\" data-element_type=\"widget\" data-e-type=\"widget\" data-widget_type=\"text-editor.default\">\n\t\t\t\t<div class=\"elementor-widget-container\">\n\t\t\t\t\t\t\t\t\t<p>Mon objectif est de r\u00e9pondre \u00e0 vos besoins audio. Que ce soit pour un single, un album, une voix-off ou tout autre enregistrement dont vous avez besoin, vous serez \u00e0 l&rsquo;aise et captur\u00e9 au meilleur de vous-m\u00eame. <\/p>\n<p>Le nouveau Seratone est situ\u00e9 dans la campagne des Cantons de l&rsquo;Est, \u00e0 environ 90 minutes au sud-est de Montr\u00e9al, dans le village de Fitch Bay. C&rsquo;est un espace qui est plus grand et mieux equipp\u00e9, avec tout le charme et le confort rustique d&rsquo;un b\u00e2timent patrimonial qui a plus de 150 ans &#8211; autrefois connu sous le nom de Hamilton Hall, une salle de danse populaire \u00e0 la fin des ann\u00e9es 1800.<br \/>Pour ceux qui recherchent une retraite d&rsquo;enregistrement, il y a 3 chambres disponibles pour vous accueillir. <\/p>\n<p>Seratone Studio en est maintenant \u00e0 sa troisi\u00e8me construction\/emplacement apr\u00e8s pr\u00e8s de 20 ans d&rsquo;activit\u00e9. Chaque d\u00e9m\u00e9nagement a \u00e9t\u00e9 l&rsquo;occasion d&rsquo;am\u00e9liorer et de se d\u00e9velopper. L&#8217;emplacement pr\u00e9c\u00e9dente du centre-ville de Montr\u00e9al, \u00e0 Griffintown (2010-2023), a permis plus d&rsquo;une d\u00e9cennie de projets d&rsquo;enregistrement passionnants ainsi que de spectacles, d&rsquo;\u00e9v\u00e9nements et de camps d&rsquo;\u00e9criture qui ont contribu\u00e9 \u00e0 faire conna\u00eetre le studio. Aujourd&rsquo;hui, le studio est meilleur que jamais et pr\u00eat \u00e0 vous accueillir pour votre projet d&rsquo;enregistrement.   <\/p>\n<p>H\u00e2te de travailler avec vous !<\/p>\n<p>Simon Petraki, fondateur<\/p>\n\t\t\t\t\t\t\t\t<\/div>\n\t\t\t\t<\/div>\n\t\t\t\t\t<\/div>\n\t\t\t\t<\/div>\n\t\t\t\t<\/div>\n\t\t","protected":false},"excerpt":{"rendered":"<p>\u00c0 Propos Mon objectif est de r\u00e9pondre \u00e0 vos besoins audio. Que ce soit pour un single, un album, une voix-off ou tout autre enregistrement dont vous avez besoin, vous serez \u00e0 l&rsquo;aise et captur\u00e9 au meilleur de vous-m\u00eame. Le nouveau Seratone est situ\u00e9 dans la campagne des Cantons de l&rsquo;Est, \u00e0 environ 90 minutes&#8230;<\/p>\n<p><a rel=\"bookmark\" class=\"theme-button-solid-accent wolf-core-button wolf-core-button-size-sm\" href=\"https:\/\/seratonestudio.com\/fr\/a-propos\/\"><span>Continue reading<\/span><\/a><\/p>\n","protected":false},"author":1,"featured_media":0,"parent":0,"menu_order":0,"comment_status":"closed","ping_status":"closed","template":"","meta":{"content-type":"","footnotes":""},"class_list":{"0":"post-4007","1":"page","2":"type-page","3":"status-publish","4":"hentry","5":"entry","6":"clearfix","7":"entry-grid","8":"entry-columns-default","9":"entry-page-module-layout-standard","10":"no-post-thumbnail","11":"entry-page","13":"entry-page-grid"},"yoast_head":"<!-- This site is optimized with the Yoast SEO plugin v24.2 - https:\/\/yoast.com\/wordpress\/plugins\/seo\/ -->\n<title>\u00c0 Propos - Seratone Studio<\/title>\n<meta name=\"robots\" content=\"noindex, follow, max-snippet:-1, max-image-preview:large, max-video-preview:-1\" \/>\n<meta property=\"og:locale\" content=\"fr_FR\" \/>\n<meta property=\"og:type\" content=\"article\" \/>\n<meta property=\"og:title\" content=\"\u00c0 Propos - Seratone Studio\" \/>\n<meta property=\"og:description\" content=\"\u00c0 Propos Mon objectif est de r\u00e9pondre \u00e0 vos besoins audio. Que ce soit pour un single, un album, une voix-off ou tout autre enregistrement dont vous avez besoin, vous serez \u00e0 l&rsquo;aise et captur\u00e9 au meilleur de vous-m\u00eame. Le nouveau Seratone est situ\u00e9 dans la campagne des Cantons de l&rsquo;Est, \u00e0 environ 90 minutes...Continue reading\" \/>\n<meta property=\"og:url\" content=\"https:\/\/seratonestudio.com\/fr\/a-propos\/\" \/>\n<meta property=\"og:site_name\" content=\"Seratone Studio\" \/>\n<meta property=\"article:modified_time\" content=\"2025-01-14T19:48:12+00:00\" \/>\n<meta name=\"twitter:card\" content=\"summary_large_image\" \/>\n<meta name=\"twitter:label1\" content=\"Dur\u00e9e de lecture estim\u00e9e\" \/>\n\t<meta name=\"twitter:data1\" content=\"1 minute\" \/>\n<script type=\"application\/ld+json\" class=\"yoast-schema-graph\">{\"@context\":\"https:\/\/schema.org\",\"@graph\":[{\"@type\":\"WebPage\",\"@id\":\"https:\/\/seratonestudio.com\/fr\/a-propos\/\",\"url\":\"https:\/\/seratonestudio.com\/fr\/a-propos\/\",\"name\":\"\u00c0 Propos - Seratone Studio\",\"isPartOf\":{\"@id\":\"https:\/\/seratonestudio.com\/fr\/#website\"},\"datePublished\":\"2025-01-14T19:39:12+00:00\",\"dateModified\":\"2025-01-14T19:48:12+00:00\",\"breadcrumb\":{\"@id\":\"https:\/\/seratonestudio.com\/fr\/a-propos\/#breadcrumb\"},\"inLanguage\":\"fr-FR\",\"potentialAction\":[{\"@type\":\"ReadAction\",\"target\":[\"https:\/\/seratonestudio.com\/fr\/a-propos\/\"]}]},{\"@type\":\"BreadcrumbList\",\"@id\":\"https:\/\/seratonestudio.com\/fr\/a-propos\/#breadcrumb\",\"itemListElement\":[{\"@type\":\"ListItem\",\"position\":1,\"name\":\"Home\",\"item\":\"https:\/\/seratonestudio.com\/fr\/\"},{\"@type\":\"ListItem\",\"position\":2,\"name\":\"\u00c0 Propos\"}]},{\"@type\":\"WebSite\",\"@id\":\"https:\/\/seratonestudio.com\/fr\/#website\",\"url\":\"https:\/\/seratonestudio.com\/fr\/\",\"name\":\"Seratone Studio\",\"description\":\"The Nature of Recording\",\"publisher\":{\"@id\":\"https:\/\/seratonestudio.com\/fr\/#organization\"},\"potentialAction\":[{\"@type\":\"SearchAction\",\"target\":{\"@type\":\"EntryPoint\",\"urlTemplate\":\"https:\/\/seratonestudio.com\/fr\/?s={search_term_string}\"},\"query-input\":{\"@type\":\"PropertyValueSpecification\",\"valueRequired\":true,\"valueName\":\"search_term_string\"}}],\"inLanguage\":\"fr-FR\"},{\"@type\":\"Organization\",\"@id\":\"https:\/\/seratonestudio.com\/fr\/#organization\",\"name\":\"Seratone Studio\",\"url\":\"https:\/\/seratonestudio.com\/fr\/\",\"logo\":{\"@type\":\"ImageObject\",\"inLanguage\":\"fr-FR\",\"@id\":\"https:\/\/seratonestudio.com\/fr\/#\/schema\/logo\/image\/\",\"url\":\"https:\/\/seratonestudio.com\/wp-content\/uploads\/2024\/12\/Seratone-Vintage1-FX.png\",\"contentUrl\":\"https:\/\/seratonestudio.com\/wp-content\/uploads\/2024\/12\/Seratone-Vintage1-FX.png\",\"width\":1024,\"height\":934,\"caption\":\"Seratone Studio\"},\"image\":{\"@id\":\"https:\/\/seratonestudio.com\/fr\/#\/schema\/logo\/image\/\"}}]}<\/script>\n<!-- \/ Yoast SEO plugin. -->","yoast_head_json":{"title":"\u00c0 Propos - Seratone Studio","robots":{"index":"noindex","follow":"follow","max-snippet":"max-snippet:-1","max-image-preview":"max-image-preview:large","max-video-preview":"max-video-preview:-1"},"og_locale":"fr_FR","og_type":"article","og_title":"\u00c0 Propos - Seratone Studio","og_description":"\u00c0 Propos Mon objectif est de r\u00e9pondre \u00e0 vos besoins audio. Que ce soit pour un single, un album, une voix-off ou tout autre enregistrement dont vous avez besoin, vous serez \u00e0 l&rsquo;aise et captur\u00e9 au meilleur de vous-m\u00eame. Le nouveau Seratone est situ\u00e9 dans la campagne des Cantons de l&rsquo;Est, \u00e0 environ 90 minutes...Continue reading","og_url":"https:\/\/seratonestudio.com\/fr\/a-propos\/","og_site_name":"Seratone Studio","article_modified_time":"2025-01-14T19:48:12+00:00","twitter_card":"summary_large_image","twitter_misc":{"Dur\u00e9e de lecture estim\u00e9e":"1 minute"},"schema":{"@context":"https:\/\/schema.org","@graph":[{"@type":"WebPage","@id":"https:\/\/seratonestudio.com\/fr\/a-propos\/","url":"https:\/\/seratonestudio.com\/fr\/a-propos\/","name":"\u00c0 Propos - Seratone Studio","isPartOf":{"@id":"https:\/\/seratonestudio.com\/fr\/#website"},"datePublished":"2025-01-14T19:39:12+00:00","dateModified":"2025-01-14T19:48:12+00:00","breadcrumb":{"@id":"https:\/\/seratonestudio.com\/fr\/a-propos\/#breadcrumb"},"inLanguage":"fr-FR","potentialAction":[{"@type":"ReadAction","target":["https:\/\/seratonestudio.com\/fr\/a-propos\/"]}]},{"@type":"BreadcrumbList","@id":"https:\/\/seratonestudio.com\/fr\/a-propos\/#breadcrumb","itemListElement":[{"@type":"ListItem","position":1,"name":"Home","item":"https:\/\/seratonestudio.com\/fr\/"},{"@type":"ListItem","position":2,"name":"\u00c0 Propos"}]},{"@type":"WebSite","@id":"https:\/\/seratonestudio.com\/fr\/#website","url":"https:\/\/seratonestudio.com\/fr\/","name":"Seratone Studio","description":"The Nature of Recording","publisher":{"@id":"https:\/\/seratonestudio.com\/fr\/#organization"},"potentialAction":[{"@type":"SearchAction","target":{"@type":"EntryPoint","urlTemplate":"https:\/\/seratonestudio.com\/fr\/?s={search_term_string}"},"query-input":{"@type":"PropertyValueSpecification","valueRequired":true,"valueName":"search_term_string"}}],"inLanguage":"fr-FR"},{"@type":"Organization","@id":"https:\/\/seratonestudio.com\/fr\/#organization","name":"Seratone Studio","url":"https:\/\/seratonestudio.com\/fr\/","logo":{"@type":"ImageObject","inLanguage":"fr-FR","@id":"https:\/\/seratonestudio.com\/fr\/#\/schema\/logo\/image\/","url":"https:\/\/seratonestudio.com\/wp-content\/uploads\/2024\/12\/Seratone-Vintage1-FX.png","contentUrl":"https:\/\/seratonestudio.com\/wp-content\/uploads\/2024\/12\/Seratone-Vintage1-FX.png","width":1024,"height":934,"caption":"Seratone Studio"},"image":{"@id":"https:\/\/seratonestudio.com\/fr\/#\/schema\/logo\/image\/"}}]}},"_links":{"self":[{"href":"https:\/\/seratonestudio.com\/fr\/wp-json\/wp\/v2\/pages\/4007","targetHints":{"allow":["GET"]}}],"collection":[{"href":"https:\/\/seratonestudio.com\/fr\/wp-json\/wp\/v2\/pages"}],"about":[{"href":"https:\/\/seratonestudio.com\/fr\/wp-json\/wp\/v2\/types\/page"}],"author":[{"embeddable":true,"href":"https:\/\/seratonestudio.com\/fr\/wp-json\/wp\/v2\/users\/1"}],"replies":[{"embeddable":true,"href":"https:\/\/seratonestudio.com\/fr\/wp-json\/wp\/v2\/comments?post=4007"}],"version-history":[{"count":1,"href":"https:\/\/seratonestudio.com\/fr\/wp-json\/wp\/v2\/pages\/4007\/revisions"}],"predecessor-version":[{"id":4008,"href":"https:\/\/seratonestudio.com\/fr\/wp-json\/wp\/v2\/pages\/4007\/revisions\/4008"}],"wp:attachment":[{"href":"https:\/\/seratonestudio.com\/fr\/wp-json\/wp\/v2\/media?parent=4007"}],"curies":[{"name":"wp","href":"https:\/\/api.w.org\/{rel}","templated":true}]}}