{"id":3936,"date":"2024-12-11T21:22:17","date_gmt":"2024-12-11T21:22:17","guid":{"rendered":"https:\/\/seratonestudio.com\/production-et-composition\/"},"modified":"2025-01-14T02:35:54","modified_gmt":"2025-01-14T02:35:54","slug":"production-et-composition","status":"publish","type":"page","link":"https:\/\/seratonestudio.com\/fr\/production-et-composition\/","title":{"rendered":"Production et Composition"},"content":{"rendered":"\t\t<div data-elementor-type=\"wp-page\" data-elementor-id=\"3936\" class=\"elementor elementor-3936\" data-elementor-post-type=\"page\">\n\t\t\t\t<div class=\"wolf-core-elementor-row wolf-core-font- elementor-element elementor-element-98cfb15 e-flex e-con-boxed e-con e-parent\" data-font-skin=\"\" data-color-tone=\"\" data-id=\"98cfb15\" data-element_type=\"container\">\n\t\t\t\t\t<div class=\"e-con-inner\">\n\t\t\t\t<div class=\"elementor-element elementor-element-1b5629b elementor-widget elementor-widget-spacer\" data-id=\"1b5629b\" data-element_type=\"widget\" data-widget_type=\"spacer.default\">\n\t\t\t\t<div class=\"elementor-widget-container\">\n\t\t\t\t\t\t\t<div class=\"elementor-spacer\">\n\t\t\t<div class=\"elementor-spacer-inner\"><\/div>\n\t\t<\/div>\n\t\t\t\t\t\t<\/div>\n\t\t\t\t<\/div>\n\t\t\t\t<div class=\" elementor-element elementor-element-ece0393 elementor-widget elementor-widget-text-editor\" data-id=\"ece0393\" data-element_type=\"widget\" data-widget_type=\"text-editor.default\">\n\t\t\t\t<div class=\"elementor-widget-container\">\n\t\t\t\t\t\t\t\t\t<p>Chez Seratone, nous sommes fiers de notre passion pour la cr\u00e9ation.<br \/>Participer au processus cr\u00e9atif est tout aussi important pour nous que l\u2019aspect technique de notre service.<\/p>\n\t\t\t\t\t\t\t\t<\/div>\n\t\t\t\t<\/div>\n\t\t\t\t<div class=\"elementor-element elementor-element-6f6dab0 elementor-widget elementor-widget-heading\" data-id=\"6f6dab0\" data-element_type=\"widget\" data-widget_type=\"heading.default\">\n\t\t\t\t<div class=\"elementor-widget-container\">\n\t\t\t\t\t<h2 class=\"elementor-heading-title elementor-size-default\">Production Musical<\/h2>\t\t\t\t<\/div>\n\t\t\t\t<\/div>\n\t\t\t\t<div class=\" elementor-element elementor-element-67be1b6 elementor-widget elementor-widget-text-editor\" data-id=\"67be1b6\" data-element_type=\"widget\" data-widget_type=\"text-editor.default\">\n\t\t\t\t<div class=\"elementor-widget-container\">\n\t\t\t\t\t\t\t\t\t<p>Si vous cherchez de l&rsquo;aide pour faire sonner vos chansons comme elles sonnent dans votre t\u00eate, ou si vous recherchez des id\u00e9es cr\u00e9atives pour donner vie \u00e0 vos chansons, un producteur est un \u00e9l\u00e9ment cl\u00e9 de votre exp\u00e9rience en studio d&rsquo;enregistrement. Non seulement est-il essentiel d&rsquo;avoir une paire d&rsquo;oreilles chevronn\u00e9es pour proposer des suggestions, mais c&rsquo;est notre travail en tant que producteurs de servir la chanson et d&rsquo;en faire la meilleure version possible. Tout ce processus de production peut \u00eatre personnalis\u00e9 \u00e0 votre guise ; qu&rsquo;il s&rsquo;agisse de cr\u00e9er ensemble en studio, ou de partager des id\u00e9es et de collaborer \u00e0 distance. Demandez-moi pour des exemples de chansons que j&rsquo;ai produites \u00e0 partir de z\u00e9ro afin que vous puissiez les entendre vous-m\u00eame. <\/p>\n\t\t\t\t\t\t\t\t<\/div>\n\t\t\t\t<\/div>\n\t\t\t\t<div class=\"elementor-element elementor-element-7814911 elementor-widget elementor-widget-heading\" data-id=\"7814911\" data-element_type=\"widget\" data-widget_type=\"heading.default\">\n\t\t\t\t<div class=\"elementor-widget-container\">\n\t\t\t\t\t<h2 class=\"elementor-heading-title elementor-size-default\">ce qu'on pense.ensComposition (aussi pour film)<\/h2>\t\t\t\t<\/div>\n\t\t\t\t<\/div>\n\t\t\t\t<div class=\" elementor-element elementor-element-c97730b elementor-widget elementor-widget-text-editor\" data-id=\"c97730b\" data-element_type=\"widget\" data-widget_type=\"text-editor.default\">\n\t\t\t\t<div class=\"elementor-widget-container\">\n\t\t\t\t\t\t\t\t\t<div id=\":20z\" tabindex=\"1\" role=\"textbox\" spellcheck=\"false\" aria-label=\"Message Body\" aria-multiline=\"true\" aria-owns=\":2a1\" aria-controls=\":2a1\" aria-expanded=\"false\">De la conception audio et jingles personnalis\u00e9s pour votre entreprise jusqu&rsquo;\u00e0 une bande sonore enti\u00e8rement compos\u00e9e et masteris\u00e9e pour votre film ou projet, il nous fera plaisir de composer de la musique sur mesure pour vous.<br \/>Faites partie du processus \u2013 guidez-nous avec des chansons de r\u00e9f\u00e9rence sp\u00e9cifiques et suivez-nous \u00e9tape par \u00e9tape pendant que nous cr\u00e9ons votre musique.<\/div>\n<div tabindex=\"1\" role=\"textbox\" spellcheck=\"false\" aria-label=\"Message Body\" aria-multiline=\"true\" aria-owns=\":2a1\" aria-controls=\":2a1\" aria-expanded=\"false\"> <\/div>\n<div tabindex=\"1\" role=\"textbox\" spellcheck=\"false\" aria-label=\"Message Body\" aria-multiline=\"true\" aria-owns=\":2a1\" aria-controls=\":2a1\" aria-expanded=\"false\">Si vous achetez de la musique de stock utilis\u00e9e par d&rsquo;innombrables autres personnes, votre vision cr\u00e9ative ne sera pas mise en valeur. Considerez la diff\u00e9rence! <\/div>\n\t\t\t\t\t\t\t\t<\/div>\n\t\t\t\t<\/div>\n\t\t\t\t\t<\/div>\n\t\t\t\t<\/div>\n\t\t<div class=\"wolf-core-elementor-row wolf-core-font-light elementor-element elementor-element-f013bd5 wolf-core-font-light e-flex e-con-boxed e-con e-parent\" data-font-skin=\"light\" data-color-tone=\"dark\" data-id=\"f013bd5\" data-element_type=\"container\">\n\t\t\t\t\t<div class=\"e-con-inner\">\n\t\t\t\t<div class=\"elementor-element elementor-element-9e68c76 elementor-headline--style-highlight elementor-widget elementor-widget-animated-headline\" data-id=\"9e68c76\" data-element_type=\"widget\" data-settings=\"{&quot;highlighted_text&quot;:&quot; ce qu&#039;on pense.&quot;,&quot;headline_style&quot;:&quot;highlight&quot;,&quot;marker&quot;:&quot;circle&quot;,&quot;loop&quot;:&quot;yes&quot;,&quot;highlight_animation_duration&quot;:1200,&quot;highlight_iteration_delay&quot;:8000}\" data-widget_type=\"animated-headline.default\">\n\t\t\t\t<div class=\"elementor-widget-container\">\n\t\t\t\t\t\t\t<h3 class=\"elementor-headline\">\n\t\t\t\t\t<span class=\"elementor-headline-plain-text elementor-headline-text-wrapper\">L'originalit\u00e9 n'est pas de dire ce que personne n'a jamais dit auparavant, mais de dire exactement<\/span>\n\t\t\t\t<span class=\"elementor-headline-dynamic-wrapper elementor-headline-text-wrapper\">\n\t\t\t\t\t<span class=\"elementor-headline-dynamic-text elementor-headline-text-active\"> ce qu'on pense.<\/span>\n\t\t\t\t<\/span>\n\t\t\t\t\t<span class=\"elementor-headline-plain-text elementor-headline-text-wrapper\"> - James Stephens<\/span>\n\t\t\t\t\t<\/h3>\n\t\t\t\t\t\t<\/div>\n\t\t\t\t<\/div>\n\t\t\t\t\t<\/div>\n\t\t\t\t<\/div>\n\t\t<div class=\"wolf-core-elementor-row wolf-core-font- elementor-element elementor-element-163e1f8 e-flex e-con-boxed e-con e-parent\" data-font-skin=\"\" data-color-tone=\"\" data-id=\"163e1f8\" data-element_type=\"container\">\n\t\t\t\t\t<div class=\"e-con-inner\">\n\t\t\t\t<div class=\"elementor-element elementor-element-68f89a7 elementor-cta--skin-cover elementor-animated-content elementor-bg-transform elementor-bg-transform-zoom-in elementor-widget elementor-widget-call-to-action\" data-id=\"68f89a7\" data-element_type=\"widget\" data-widget_type=\"call-to-action.default\">\n\t\t\t\t<div class=\"elementor-widget-container\">\n\t\t\t\t\t\t\t<a class=\"elementor-cta\" href=\"https:\/\/seratonestudio.com\/fr\/contactez-nous\/\">\n\t\t\t\t\t<div class=\"elementor-cta__bg-wrapper\">\n\t\t\t\t<div class=\"elementor-cta__bg elementor-bg\" style=\"background-image: url(https:\/\/seratonestudio.com\/wp-content\/uploads\/2024\/12\/Screen-Shot-2024-11-29-at-5.07.07-PM-1.png);\" role=\"img\" aria-label=\"Screen Shot 2024-11-29 at 5.07.07 PM\"><\/div>\n\t\t\t\t<div class=\"elementor-cta__bg-overlay\"><\/div>\n\t\t\t<\/div>\n\t\t\t\t\t\t\t<div class=\"elementor-cta__content\">\n\t\t\t\t\n\t\t\t\t\t\t\t\t\t<h2 class=\"elementor-cta__title elementor-cta__content-item elementor-content-item elementor-animated-item--grow\">\n\t\t\t\t\t\tContactez-nous pour plus d'informations\t\t\t\t\t<\/h2>\n\t\t\t\t\n\t\t\t\t\t\t\t\t\t<div class=\"elementor-cta__description elementor-cta__content-item elementor-content-item elementor-animated-item--grow\">\n\t\t\t\t\t\t<p>Vous recevrez une r\u00e9ponse dans les 24 heures<\/p>\n\t\t\t\t\t<\/div>\n\t\t\t\t\n\t\t\t\t\t\t\t\t\t<div class=\"elementor-cta__button-wrapper elementor-cta__content-item elementor-content-item elementor-animated-item--grow\">\n\t\t\t\t\t<span class=\"elementor-cta__button elementor-button elementor-size-\">\n\t\t\t\t\t\tCliquez ici\t\t\t\t\t<\/span>\n\t\t\t\t\t<\/div>\n\t\t\t\t\t\t\t<\/div>\n\t\t\t\t\t\t<\/a>\n\t\t\t\t\t\t<\/div>\n\t\t\t\t<\/div>\n\t\t\t\t\t<\/div>\n\t\t\t\t<\/div>\n\t\t\t\t<\/div>\n\t\t","protected":false},"excerpt":{"rendered":"<p>Chez Seratone, nous sommes fiers de notre passion pour la cr\u00e9ation.Participer au processus cr\u00e9atif est tout aussi important pour nous que l\u2019aspect technique de notre service. Production Musical Si vous cherchez de l&rsquo;aide pour faire sonner vos chansons comme elles sonnent dans votre t\u00eate, ou si vous recherchez des id\u00e9es cr\u00e9atives pour donner vie \u00e0&#8230;<\/p>\n<p><a rel=\"bookmark\" class=\"theme-button-solid-accent wolf-core-button wolf-core-button-size-sm\" href=\"https:\/\/seratonestudio.com\/fr\/production-et-composition\/\"><span>Continue reading<\/span><\/a><\/p>\n","protected":false},"author":1,"featured_media":0,"parent":0,"menu_order":0,"comment_status":"closed","ping_status":"closed","template":"","meta":{"content-type":"","footnotes":""},"class_list":{"0":"post-3936","1":"page","2":"type-page","3":"status-publish","4":"hentry","5":"entry","6":"clearfix","7":"entry-grid","8":"entry-columns-default","9":"entry-page-module-layout-standard","10":"no-post-thumbnail","11":"entry-page","13":"entry-page-grid"},"yoast_head":"<!-- This site is optimized with the Yoast SEO plugin v24.2 - https:\/\/yoast.com\/wordpress\/plugins\/seo\/ -->\n<title>Production et Composition - Seratone Studio<\/title>\n<meta name=\"robots\" content=\"noindex, follow, max-snippet:-1, max-image-preview:large, max-video-preview:-1\" \/>\n<meta property=\"og:locale\" content=\"fr_FR\" \/>\n<meta property=\"og:type\" content=\"article\" \/>\n<meta property=\"og:title\" content=\"Production et Composition - Seratone Studio\" \/>\n<meta property=\"og:description\" content=\"Chez Seratone, nous sommes fiers de notre passion pour la cr\u00e9ation.Participer au processus cr\u00e9atif est tout aussi important pour nous que l\u2019aspect technique de notre service. Production Musical Si vous cherchez de l&rsquo;aide pour faire sonner vos chansons comme elles sonnent dans votre t\u00eate, ou si vous recherchez des id\u00e9es cr\u00e9atives pour donner vie \u00e0...Continue reading\" \/>\n<meta property=\"og:url\" content=\"https:\/\/seratonestudio.com\/fr\/production-et-composition\/\" \/>\n<meta property=\"og:site_name\" content=\"Seratone Studio\" \/>\n<meta property=\"article:modified_time\" content=\"2025-01-14T02:35:54+00:00\" \/>\n<meta name=\"twitter:card\" content=\"summary_large_image\" \/>\n<meta name=\"twitter:label1\" content=\"Dur\u00e9e de lecture estim\u00e9e\" \/>\n\t<meta name=\"twitter:data1\" content=\"2 minutes\" \/>\n<script type=\"application\/ld+json\" class=\"yoast-schema-graph\">{\"@context\":\"https:\/\/schema.org\",\"@graph\":[{\"@type\":\"WebPage\",\"@id\":\"https:\/\/seratonestudio.com\/fr\/production-et-composition\/\",\"url\":\"https:\/\/seratonestudio.com\/fr\/production-et-composition\/\",\"name\":\"Production et Composition - Seratone Studio\",\"isPartOf\":{\"@id\":\"https:\/\/seratonestudio.com\/fr\/#website\"},\"datePublished\":\"2024-12-11T21:22:17+00:00\",\"dateModified\":\"2025-01-14T02:35:54+00:00\",\"breadcrumb\":{\"@id\":\"https:\/\/seratonestudio.com\/fr\/production-et-composition\/#breadcrumb\"},\"inLanguage\":\"fr-FR\",\"potentialAction\":[{\"@type\":\"ReadAction\",\"target\":[\"https:\/\/seratonestudio.com\/fr\/production-et-composition\/\"]}]},{\"@type\":\"BreadcrumbList\",\"@id\":\"https:\/\/seratonestudio.com\/fr\/production-et-composition\/#breadcrumb\",\"itemListElement\":[{\"@type\":\"ListItem\",\"position\":1,\"name\":\"Home\",\"item\":\"https:\/\/seratonestudio.com\/fr\/\"},{\"@type\":\"ListItem\",\"position\":2,\"name\":\"Production et Composition\"}]},{\"@type\":\"WebSite\",\"@id\":\"https:\/\/seratonestudio.com\/fr\/#website\",\"url\":\"https:\/\/seratonestudio.com\/fr\/\",\"name\":\"Seratone Studio\",\"description\":\"The Nature of Recording\",\"publisher\":{\"@id\":\"https:\/\/seratonestudio.com\/fr\/#organization\"},\"potentialAction\":[{\"@type\":\"SearchAction\",\"target\":{\"@type\":\"EntryPoint\",\"urlTemplate\":\"https:\/\/seratonestudio.com\/fr\/?s={search_term_string}\"},\"query-input\":{\"@type\":\"PropertyValueSpecification\",\"valueRequired\":true,\"valueName\":\"search_term_string\"}}],\"inLanguage\":\"fr-FR\"},{\"@type\":\"Organization\",\"@id\":\"https:\/\/seratonestudio.com\/fr\/#organization\",\"name\":\"Seratone Studio\",\"url\":\"https:\/\/seratonestudio.com\/fr\/\",\"logo\":{\"@type\":\"ImageObject\",\"inLanguage\":\"fr-FR\",\"@id\":\"https:\/\/seratonestudio.com\/fr\/#\/schema\/logo\/image\/\",\"url\":\"https:\/\/seratonestudio.com\/wp-content\/uploads\/2024\/12\/Seratone-Vintage1-FX.png\",\"contentUrl\":\"https:\/\/seratonestudio.com\/wp-content\/uploads\/2024\/12\/Seratone-Vintage1-FX.png\",\"width\":1024,\"height\":934,\"caption\":\"Seratone Studio\"},\"image\":{\"@id\":\"https:\/\/seratonestudio.com\/fr\/#\/schema\/logo\/image\/\"}}]}<\/script>\n<!-- \/ Yoast SEO plugin. -->","yoast_head_json":{"title":"Production et Composition - Seratone Studio","robots":{"index":"noindex","follow":"follow","max-snippet":"max-snippet:-1","max-image-preview":"max-image-preview:large","max-video-preview":"max-video-preview:-1"},"og_locale":"fr_FR","og_type":"article","og_title":"Production et Composition - Seratone Studio","og_description":"Chez Seratone, nous sommes fiers de notre passion pour la cr\u00e9ation.Participer au processus cr\u00e9atif est tout aussi important pour nous que l\u2019aspect technique de notre service. Production Musical Si vous cherchez de l&rsquo;aide pour faire sonner vos chansons comme elles sonnent dans votre t\u00eate, ou si vous recherchez des id\u00e9es cr\u00e9atives pour donner vie \u00e0...Continue reading","og_url":"https:\/\/seratonestudio.com\/fr\/production-et-composition\/","og_site_name":"Seratone Studio","article_modified_time":"2025-01-14T02:35:54+00:00","twitter_card":"summary_large_image","twitter_misc":{"Dur\u00e9e de lecture estim\u00e9e":"2 minutes"},"schema":{"@context":"https:\/\/schema.org","@graph":[{"@type":"WebPage","@id":"https:\/\/seratonestudio.com\/fr\/production-et-composition\/","url":"https:\/\/seratonestudio.com\/fr\/production-et-composition\/","name":"Production et Composition - Seratone Studio","isPartOf":{"@id":"https:\/\/seratonestudio.com\/fr\/#website"},"datePublished":"2024-12-11T21:22:17+00:00","dateModified":"2025-01-14T02:35:54+00:00","breadcrumb":{"@id":"https:\/\/seratonestudio.com\/fr\/production-et-composition\/#breadcrumb"},"inLanguage":"fr-FR","potentialAction":[{"@type":"ReadAction","target":["https:\/\/seratonestudio.com\/fr\/production-et-composition\/"]}]},{"@type":"BreadcrumbList","@id":"https:\/\/seratonestudio.com\/fr\/production-et-composition\/#breadcrumb","itemListElement":[{"@type":"ListItem","position":1,"name":"Home","item":"https:\/\/seratonestudio.com\/fr\/"},{"@type":"ListItem","position":2,"name":"Production et Composition"}]},{"@type":"WebSite","@id":"https:\/\/seratonestudio.com\/fr\/#website","url":"https:\/\/seratonestudio.com\/fr\/","name":"Seratone Studio","description":"The Nature of Recording","publisher":{"@id":"https:\/\/seratonestudio.com\/fr\/#organization"},"potentialAction":[{"@type":"SearchAction","target":{"@type":"EntryPoint","urlTemplate":"https:\/\/seratonestudio.com\/fr\/?s={search_term_string}"},"query-input":{"@type":"PropertyValueSpecification","valueRequired":true,"valueName":"search_term_string"}}],"inLanguage":"fr-FR"},{"@type":"Organization","@id":"https:\/\/seratonestudio.com\/fr\/#organization","name":"Seratone Studio","url":"https:\/\/seratonestudio.com\/fr\/","logo":{"@type":"ImageObject","inLanguage":"fr-FR","@id":"https:\/\/seratonestudio.com\/fr\/#\/schema\/logo\/image\/","url":"https:\/\/seratonestudio.com\/wp-content\/uploads\/2024\/12\/Seratone-Vintage1-FX.png","contentUrl":"https:\/\/seratonestudio.com\/wp-content\/uploads\/2024\/12\/Seratone-Vintage1-FX.png","width":1024,"height":934,"caption":"Seratone Studio"},"image":{"@id":"https:\/\/seratonestudio.com\/fr\/#\/schema\/logo\/image\/"}}]}},"_links":{"self":[{"href":"https:\/\/seratonestudio.com\/fr\/wp-json\/wp\/v2\/pages\/3936","targetHints":{"allow":["GET"]}}],"collection":[{"href":"https:\/\/seratonestudio.com\/fr\/wp-json\/wp\/v2\/pages"}],"about":[{"href":"https:\/\/seratonestudio.com\/fr\/wp-json\/wp\/v2\/types\/page"}],"author":[{"embeddable":true,"href":"https:\/\/seratonestudio.com\/fr\/wp-json\/wp\/v2\/users\/1"}],"replies":[{"embeddable":true,"href":"https:\/\/seratonestudio.com\/fr\/wp-json\/wp\/v2\/comments?post=3936"}],"version-history":[{"count":4,"href":"https:\/\/seratonestudio.com\/fr\/wp-json\/wp\/v2\/pages\/3936\/revisions"}],"predecessor-version":[{"id":3971,"href":"https:\/\/seratonestudio.com\/fr\/wp-json\/wp\/v2\/pages\/3936\/revisions\/3971"}],"wp:attachment":[{"href":"https:\/\/seratonestudio.com\/fr\/wp-json\/wp\/v2\/media?parent=3936"}],"curies":[{"name":"wp","href":"https:\/\/api.w.org\/{rel}","templated":true}]}}