{"id":3929,"date":"2024-12-11T20:45:41","date_gmt":"2024-12-11T20:45:41","guid":{"rendered":"https:\/\/seratonestudio.com\/voix-off-et-livres-audio\/"},"modified":"2025-01-14T02:37:09","modified_gmt":"2025-01-14T02:37:09","slug":"voix-off-et-livres-audio","status":"publish","type":"page","link":"https:\/\/seratonestudio.com\/fr\/voix-off-et-livres-audio\/","title":{"rendered":"Voix-Off et Livres Audio"},"content":{"rendered":"\t\t<div data-elementor-type=\"wp-page\" data-elementor-id=\"3929\" class=\"elementor elementor-3929\" data-elementor-post-type=\"page\">\n\t\t\t\t<div class=\"wolf-core-elementor-row wolf-core-font- elementor-element elementor-element-bb02823 e-flex e-con-boxed e-con e-parent\" data-font-skin=\"\" data-color-tone=\"\" data-id=\"bb02823\" data-element_type=\"container\">\n\t\t\t\t\t<div class=\"e-con-inner\">\n\t\t\t\t<div class=\"elementor-element elementor-element-abbe920 elementor-widget elementor-widget-spacer\" data-id=\"abbe920\" data-element_type=\"widget\" data-widget_type=\"spacer.default\">\n\t\t\t\t<div class=\"elementor-widget-container\">\n\t\t\t\t\t\t\t<div class=\"elementor-spacer\">\n\t\t\t<div class=\"elementor-spacer-inner\"><\/div>\n\t\t<\/div>\n\t\t\t\t\t\t<\/div>\n\t\t\t\t<\/div>\n\t\t\t\t<div class=\"elementor-element elementor-element-a99c3aa elementor-widget elementor-widget-heading\" data-id=\"a99c3aa\" data-element_type=\"widget\" data-widget_type=\"heading.default\">\n\t\t\t\t<div class=\"elementor-widget-container\">\n\t\t\t\t\t<h2 class=\"elementor-heading-title elementor-size-default\">Voix-Off<\/h2>\t\t\t\t<\/div>\n\t\t\t\t<\/div>\n\t\t\t\t<div class=\" elementor-element elementor-element-91e7172 elementor-widget elementor-widget-text-editor\" data-id=\"91e7172\" data-element_type=\"widget\" data-widget_type=\"text-editor.default\">\n\t\t\t\t<div class=\"elementor-widget-container\">\n\t\t\t\t\t\t\t\t\t<p><\/p>\n<p><span style=\"text-align: var(--text-align); background-color: initial;\">Outre le chant, la cabine vocale est \u00e9galement utilis\u00e9e pour les enregistrements de voix off et de livres audio, avec un grand \u00e9cran dans la cabine pour suivre les scripts et les vid\u00e9os.<\/span><\/p>\n<p>La Voix Off est l&rsquo;une des sp\u00e9cialit\u00e9s de Seratone, au service de ses clients dans le domaine commercial depuis plus que 15 ans. \u00c9quip\u00e9s de SourceConnect Pro (un logiciel standard de l&rsquo;industrie qui nous permet de nous connecter \u00e0 n&rsquo;importe quel studio dans le monde), nous connaissons bien tous les d\u00e9tails et normes de ce c\u00f4t\u00e9 du monde de l&rsquo;enregistrement.&nbsp; (Scroll down to watch one of the Toyota commercials for the 2024 Olympics that we handled the voice-over for).&nbsp;&nbsp;<\/p>\n<p>Nous proposons une large gamme d&rsquo;options vocales non syndiqu\u00e9es pour votre projet, n&rsquo;h\u00e9sitez pas \u00e0 nous contacter pour toute question ou demande de d\u00e9mo\/audition.<br>Si vous avez une bande d\u00e9mo et souhaitez figurer sur le r\u00e9pertoire de Seratone, envoyez un email personnalis\u00e9 via le formulaire de contact et nous pourrons avancer \u00e0 partir de l\u00e0.<br>De plus, si vous \u00eates un artiste de voix off\/narrateur en devenir et que vous avez besoin d&rsquo;une d\u00e9mo professionnelle, n&rsquo;h\u00e9sitez pas \u00e0 nous contacter pour discuter des d\u00e9tails.<span style=\"text-align: var(--text-align); background-color: initial;\">&nbsp;<\/span><\/p>\t\t\t\t\t\t\t\t<\/div>\n\t\t\t\t<\/div>\n\t\t\t\t\t<\/div>\n\t\t\t\t<\/div>\n\t\t<div class=\"wolf-core-elementor-row wolf-core-font- elementor-element elementor-element-e8acbca e-flex e-con-boxed e-con e-parent\" data-font-skin=\"\" data-color-tone=\"\" data-id=\"e8acbca\" data-element_type=\"container\">\n\t\t\t\t\t<div class=\"e-con-inner\">\n\t\t\t\t<div class=\"elementor-element elementor-element-224c5dc elementor-widget elementor-widget-heading\" data-id=\"224c5dc\" data-element_type=\"widget\" data-widget_type=\"heading.default\">\n\t\t\t\t<div class=\"elementor-widget-container\">\n\t\t\t\t\t<h2 class=\"elementor-heading-title elementor-size-default\">Livres Audio<\/h2>\t\t\t\t<\/div>\n\t\t\t\t<\/div>\n\t\t\t\t<div class=\" elementor-element elementor-element-c618255 elementor-widget elementor-widget-text-editor\" data-id=\"c618255\" data-element_type=\"widget\" data-widget_type=\"text-editor.default\">\n\t\t\t\t<div class=\"elementor-widget-container\">\n\t\t\t\t\t\t\t\t\t<p><span style=\"color: #fff2f2;\">Nous avons \u00e0 notre actif plus de 20 productions de livres audio, y compris des titres pour Audible et Spotify. Vous pouvez donc \u00eatre certain que l\u2019enregistrement, le montage et la finalisation de votre livre audio seront r\u00e9alis\u00e9s par des experts!<\/span><\/p>\n<p><span style=\"color: #fff2f2;\"> <\/span><\/p>\n\t\t\t\t\t\t\t\t<\/div>\n\t\t\t\t<\/div>\n\t\t\t\t<div class=\"elementor-element elementor-element-0f542cb elementor-widget elementor-widget-video\" data-id=\"0f542cb\" data-element_type=\"widget\" data-settings=\"{&quot;youtube_url&quot;:&quot;https:\\\/\\\/www.youtube.com\\\/watch?v=bkbQZeGqX_Y&quot;,&quot;video_type&quot;:&quot;youtube&quot;,&quot;controls&quot;:&quot;yes&quot;}\" data-widget_type=\"video.default\">\n\t\t\t\t<div class=\"elementor-widget-container\">\n\t\t\t\t\t\t\t<div class=\"elementor-wrapper elementor-open-inline\">\n\t\t\t<div class=\"elementor-video\"><\/div>\t\t<\/div>\n\t\t\t\t\t\t<\/div>\n\t\t\t\t<\/div>\n\t\t\t\t<div class=\"elementor-element elementor-element-088986f elementor-widget elementor-widget-gallery\" data-id=\"088986f\" data-element_type=\"widget\" data-settings=\"{&quot;lazyload&quot;:&quot;yes&quot;,&quot;gallery_layout&quot;:&quot;grid&quot;,&quot;columns&quot;:4,&quot;columns_tablet&quot;:2,&quot;columns_mobile&quot;:1,&quot;gap&quot;:{&quot;unit&quot;:&quot;px&quot;,&quot;size&quot;:10,&quot;sizes&quot;:[]},&quot;gap_tablet&quot;:{&quot;unit&quot;:&quot;px&quot;,&quot;size&quot;:10,&quot;sizes&quot;:[]},&quot;gap_mobile&quot;:{&quot;unit&quot;:&quot;px&quot;,&quot;size&quot;:10,&quot;sizes&quot;:[]},&quot;link_to&quot;:&quot;file&quot;,&quot;aspect_ratio&quot;:&quot;3:2&quot;,&quot;overlay_background&quot;:&quot;yes&quot;,&quot;content_hover_animation&quot;:&quot;fade-in&quot;}\" data-widget_type=\"gallery.default\">\n\t\t\t\t<div class=\"elementor-widget-container\">\n\t\t\t\t\t\t\t<div class=\"elementor-gallery__container\">\n\t\t\t\t\t\t\t<a class=\"e-gallery-item elementor-gallery-item elementor-animated-content\" href=\"https:\/\/seratonestudio.com\/wp-content\/uploads\/2024\/12\/IMG_9801-scaled.jpg\" data-elementor-open-lightbox=\"yes\" data-elementor-lightbox-slideshow=\"088986f\" data-elementor-lightbox-title=\"IMG_9801\" data-e-action-hash=\"#elementor-action%3Aaction%3Dlightbox%26settings%3DeyJpZCI6MzM3OCwidXJsIjoiaHR0cHM6XC9cL3NlcmF0b25lc3R1ZGlvLmNvbVwvd3AtY29udGVudFwvdXBsb2Fkc1wvMjAyNFwvMTJcL0lNR185ODAxLXNjYWxlZC5qcGciLCJzbGlkZXNob3ciOiIwODg5ODZmIn0%3D\">\n\t\t\t\t\t<div class=\"e-gallery-image elementor-gallery-item__image\" data-thumbnail=\"https:\/\/seratonestudio.com\/wp-content\/uploads\/2024\/12\/IMG_9801-225x300.jpg\" data-width=\"225\" data-height=\"300\" aria-label=\"\" role=\"img\" ><\/div>\n\t\t\t\t\t\t\t\t\t\t\t<div class=\"elementor-gallery-item__overlay\"><\/div>\n\t\t\t\t\t\t\t\t\t\t\t\t\t\t<\/a>\n\t\t\t\t\t\t\t<a class=\"e-gallery-item elementor-gallery-item elementor-animated-content\" href=\"https:\/\/seratonestudio.com\/wp-content\/uploads\/2024\/12\/IMG_9802-1-scaled.jpg\" data-elementor-open-lightbox=\"yes\" data-elementor-lightbox-slideshow=\"088986f\" data-elementor-lightbox-title=\"IMG_9802\" data-e-action-hash=\"#elementor-action%3Aaction%3Dlightbox%26settings%3DeyJpZCI6MzM3OSwidXJsIjoiaHR0cHM6XC9cL3NlcmF0b25lc3R1ZGlvLmNvbVwvd3AtY29udGVudFwvdXBsb2Fkc1wvMjAyNFwvMTJcL0lNR185ODAyLTEtc2NhbGVkLmpwZyIsInNsaWRlc2hvdyI6IjA4ODk4NmYifQ%3D%3D\">\n\t\t\t\t\t<div class=\"e-gallery-image elementor-gallery-item__image\" data-thumbnail=\"https:\/\/seratonestudio.com\/wp-content\/uploads\/2024\/12\/IMG_9802-1-225x300.jpg\" data-width=\"225\" data-height=\"300\" aria-label=\"\" role=\"img\" ><\/div>\n\t\t\t\t\t\t\t\t\t\t\t<div class=\"elementor-gallery-item__overlay\"><\/div>\n\t\t\t\t\t\t\t\t\t\t\t\t\t\t<\/a>\n\t\t\t\t\t\t\t<a class=\"e-gallery-item elementor-gallery-item elementor-animated-content\" href=\"https:\/\/seratonestudio.com\/wp-content\/uploads\/2024\/12\/IMG_9803-1-scaled.jpg\" data-elementor-open-lightbox=\"yes\" data-elementor-lightbox-slideshow=\"088986f\" data-elementor-lightbox-title=\"IMG_9803\" data-e-action-hash=\"#elementor-action%3Aaction%3Dlightbox%26settings%3DeyJpZCI6MzM4MCwidXJsIjoiaHR0cHM6XC9cL3NlcmF0b25lc3R1ZGlvLmNvbVwvd3AtY29udGVudFwvdXBsb2Fkc1wvMjAyNFwvMTJcL0lNR185ODAzLTEtc2NhbGVkLmpwZyIsInNsaWRlc2hvdyI6IjA4ODk4NmYifQ%3D%3D\">\n\t\t\t\t\t<div class=\"e-gallery-image elementor-gallery-item__image\" data-thumbnail=\"https:\/\/seratonestudio.com\/wp-content\/uploads\/2024\/12\/IMG_9803-1-225x300.jpg\" data-width=\"225\" data-height=\"300\" aria-label=\"\" role=\"img\" ><\/div>\n\t\t\t\t\t\t\t\t\t\t\t<div class=\"elementor-gallery-item__overlay\"><\/div>\n\t\t\t\t\t\t\t\t\t\t\t\t\t\t<\/a>\n\t\t\t\t\t\t\t<a class=\"e-gallery-item elementor-gallery-item elementor-animated-content\" href=\"https:\/\/seratonestudio.com\/wp-content\/uploads\/2024\/12\/IMG_9805-1-scaled.jpg\" data-elementor-open-lightbox=\"yes\" data-elementor-lightbox-slideshow=\"088986f\" data-elementor-lightbox-title=\"IMG_9805\" data-e-action-hash=\"#elementor-action%3Aaction%3Dlightbox%26settings%3DeyJpZCI6MzM4MSwidXJsIjoiaHR0cHM6XC9cL3NlcmF0b25lc3R1ZGlvLmNvbVwvd3AtY29udGVudFwvdXBsb2Fkc1wvMjAyNFwvMTJcL0lNR185ODA1LTEtc2NhbGVkLmpwZyIsInNsaWRlc2hvdyI6IjA4ODk4NmYifQ%3D%3D\">\n\t\t\t\t\t<div class=\"e-gallery-image elementor-gallery-item__image\" data-thumbnail=\"https:\/\/seratonestudio.com\/wp-content\/uploads\/2024\/12\/IMG_9805-1-225x300.jpg\" data-width=\"225\" data-height=\"300\" aria-label=\"\" role=\"img\" ><\/div>\n\t\t\t\t\t\t\t\t\t\t\t<div class=\"elementor-gallery-item__overlay\"><\/div>\n\t\t\t\t\t\t\t\t\t\t\t\t\t\t<\/a>\n\t\t\t\t\t\t\t<a class=\"e-gallery-item elementor-gallery-item elementor-animated-content\" href=\"https:\/\/seratonestudio.com\/wp-content\/uploads\/2024\/12\/Valentine-scaled.jpg\" data-elementor-open-lightbox=\"yes\" data-elementor-lightbox-slideshow=\"088986f\" data-elementor-lightbox-title=\"Valentine\" data-e-action-hash=\"#elementor-action%3Aaction%3Dlightbox%26settings%3DeyJpZCI6MzM4MiwidXJsIjoiaHR0cHM6XC9cL3NlcmF0b25lc3R1ZGlvLmNvbVwvd3AtY29udGVudFwvdXBsb2Fkc1wvMjAyNFwvMTJcL1ZhbGVudGluZS1zY2FsZWQuanBnIiwic2xpZGVzaG93IjoiMDg4OTg2ZiJ9\">\n\t\t\t\t\t<div class=\"e-gallery-image elementor-gallery-item__image\" data-thumbnail=\"https:\/\/seratonestudio.com\/wp-content\/uploads\/2024\/12\/Valentine-225x300.jpg\" data-width=\"225\" data-height=\"300\" aria-label=\"\" role=\"img\" ><\/div>\n\t\t\t\t\t\t\t\t\t\t\t<div class=\"elementor-gallery-item__overlay\"><\/div>\n\t\t\t\t\t\t\t\t\t\t\t\t\t\t<\/a>\n\t\t\t\t\t\t\t<a class=\"e-gallery-item elementor-gallery-item elementor-animated-content\" href=\"https:\/\/seratonestudio.com\/wp-content\/uploads\/2024\/12\/Tiffany-scaled.jpg\" data-elementor-open-lightbox=\"yes\" data-elementor-lightbox-slideshow=\"088986f\" data-elementor-lightbox-title=\"Tiffany\" data-e-action-hash=\"#elementor-action%3Aaction%3Dlightbox%26settings%3DeyJpZCI6MzI1NSwidXJsIjoiaHR0cHM6XC9cL3NlcmF0b25lc3R1ZGlvLmNvbVwvd3AtY29udGVudFwvdXBsb2Fkc1wvMjAyNFwvMTJcL1RpZmZhbnktc2NhbGVkLmpwZyIsInNsaWRlc2hvdyI6IjA4ODk4NmYifQ%3D%3D\">\n\t\t\t\t\t<div class=\"e-gallery-image elementor-gallery-item__image\" data-thumbnail=\"https:\/\/seratonestudio.com\/wp-content\/uploads\/2024\/12\/Tiffany-225x300.jpg\" data-width=\"225\" data-height=\"300\" aria-label=\"\" role=\"img\" ><\/div>\n\t\t\t\t\t\t\t\t\t\t\t<div class=\"elementor-gallery-item__overlay\"><\/div>\n\t\t\t\t\t\t\t\t\t\t\t\t\t\t<\/a>\n\t\t\t\t\t\t\t<a class=\"e-gallery-item elementor-gallery-item elementor-animated-content\" href=\"https:\/\/seratonestudio.com\/wp-content\/uploads\/2024\/12\/Simon-booth-scaled.jpg\" data-elementor-open-lightbox=\"yes\" data-elementor-lightbox-slideshow=\"088986f\" data-elementor-lightbox-title=\"Simon booth\" data-e-action-hash=\"#elementor-action%3Aaction%3Dlightbox%26settings%3DeyJpZCI6MzM3MiwidXJsIjoiaHR0cHM6XC9cL3NlcmF0b25lc3R1ZGlvLmNvbVwvd3AtY29udGVudFwvdXBsb2Fkc1wvMjAyNFwvMTJcL1NpbW9uLWJvb3RoLXNjYWxlZC5qcGciLCJzbGlkZXNob3ciOiIwODg5ODZmIn0%3D\">\n\t\t\t\t\t<div class=\"e-gallery-image elementor-gallery-item__image\" data-thumbnail=\"https:\/\/seratonestudio.com\/wp-content\/uploads\/2024\/12\/Simon-booth-225x300.jpg\" data-width=\"225\" data-height=\"300\" aria-label=\"\" role=\"img\" ><\/div>\n\t\t\t\t\t\t\t\t\t\t\t<div class=\"elementor-gallery-item__overlay\"><\/div>\n\t\t\t\t\t\t\t\t\t\t\t\t\t\t<\/a>\n\t\t\t\t\t\t\t<a class=\"e-gallery-item elementor-gallery-item elementor-animated-content\" href=\"https:\/\/seratonestudio.com\/wp-content\/uploads\/2024\/12\/Screen-Shot-2024-11-29-at-5.02.23-PM.png\" data-elementor-open-lightbox=\"yes\" data-elementor-lightbox-slideshow=\"088986f\" data-elementor-lightbox-title=\"Screen Shot 2024-11-29 at 5.02.23 PM\" data-e-action-hash=\"#elementor-action%3Aaction%3Dlightbox%26settings%3DeyJpZCI6Mjk0MiwidXJsIjoiaHR0cHM6XC9cL3NlcmF0b25lc3R1ZGlvLmNvbVwvd3AtY29udGVudFwvdXBsb2Fkc1wvMjAyNFwvMTJcL1NjcmVlbi1TaG90LTIwMjQtMTEtMjktYXQtNS4wMi4yMy1QTS5wbmciLCJzbGlkZXNob3ciOiIwODg5ODZmIn0%3D\">\n\t\t\t\t\t<div class=\"e-gallery-image elementor-gallery-item__image\" data-thumbnail=\"https:\/\/seratonestudio.com\/wp-content\/uploads\/2024\/12\/Screen-Shot-2024-11-29-at-5.02.23-PM-300x174.png\" data-width=\"300\" data-height=\"174\" aria-label=\"\" role=\"img\" ><\/div>\n\t\t\t\t\t\t\t\t\t\t\t<div class=\"elementor-gallery-item__overlay\"><\/div>\n\t\t\t\t\t\t\t\t\t\t\t\t\t\t<\/a>\n\t\t\t\t\t<\/div>\n\t\t\t\t\t<\/div>\n\t\t\t\t<\/div>\n\t\t\t\t\t<\/div>\n\t\t\t\t<\/div>\n\t\t<div class=\"wolf-core-elementor-row wolf-core-font- elementor-element elementor-element-584c163 e-flex e-con-boxed e-con e-parent\" data-font-skin=\"\" data-color-tone=\"\" data-id=\"584c163\" data-element_type=\"container\">\n\t\t\t\t\t<div class=\"e-con-inner\">\n\t\t\t\t<div class=\"elementor-element elementor-element-3721657 elementor-cta--skin-cover elementor-animated-content elementor-bg-transform elementor-bg-transform-zoom-in elementor-widget elementor-widget-call-to-action\" data-id=\"3721657\" data-element_type=\"widget\" data-widget_type=\"call-to-action.default\">\n\t\t\t\t<div class=\"elementor-widget-container\">\n\t\t\t\t\t\t\t<a class=\"elementor-cta\" href=\"https:\/\/seratonestudio.com\/fr\/contactez-nous\/\">\n\t\t\t\t\t<div class=\"elementor-cta__bg-wrapper\">\n\t\t\t\t<div class=\"elementor-cta__bg elementor-bg\" style=\"background-image: url(https:\/\/seratonestudio.com\/wp-content\/uploads\/2024\/12\/Screen-Shot-2024-11-29-at-5.07.07-PM-1.png);\" role=\"img\" aria-label=\"Screen Shot 2024-11-29 at 5.07.07 PM\"><\/div>\n\t\t\t\t<div class=\"elementor-cta__bg-overlay\"><\/div>\n\t\t\t<\/div>\n\t\t\t\t\t\t\t<div class=\"elementor-cta__content\">\n\t\t\t\t\n\t\t\t\t\t\t\t\t\t<h2 class=\"elementor-cta__title elementor-cta__content-item elementor-content-item elementor-animated-item--grow\">\n\t\t\t\t\t\tContactez-nous pour plus d'informations\t\t\t\t\t<\/h2>\n\t\t\t\t\n\t\t\t\t\t\t\t\t\t<div class=\"elementor-cta__description elementor-cta__content-item elementor-content-item elementor-animated-item--grow\">\n\t\t\t\t\t\t<p>Vous recevrez une r\u00e9ponse dans les 24 heures<\/p>\n\t\t\t\t\t<\/div>\n\t\t\t\t\n\t\t\t\t\t\t\t\t\t<div class=\"elementor-cta__button-wrapper elementor-cta__content-item elementor-content-item elementor-animated-item--grow\">\n\t\t\t\t\t<span class=\"elementor-cta__button elementor-button elementor-size-\">\n\t\t\t\t\t\tCliquez ici\t\t\t\t\t<\/span>\n\t\t\t\t\t<\/div>\n\t\t\t\t\t\t\t<\/div>\n\t\t\t\t\t\t<\/a>\n\t\t\t\t\t\t<\/div>\n\t\t\t\t<\/div>\n\t\t\t\t\t<\/div>\n\t\t\t\t<\/div>\n\t\t\t\t<\/div>\n\t\t","protected":false},"excerpt":{"rendered":"<p>Voix-Off Outre le chant, la cabine vocale est \u00e9galement utilis\u00e9e pour les enregistrements de voix off et de livres audio, avec un grand \u00e9cran dans la cabine pour suivre les scripts et les vid\u00e9os. La Voix Off est l&rsquo;une des sp\u00e9cialit\u00e9s de Seratone, au service de ses clients dans le domaine commercial depuis plus que&#8230;<\/p>\n<p><a rel=\"bookmark\" class=\"theme-button-solid-accent wolf-core-button wolf-core-button-size-sm\" href=\"https:\/\/seratonestudio.com\/fr\/voix-off-et-livres-audio\/\"><span>Continue reading<\/span><\/a><\/p>\n","protected":false},"author":1,"featured_media":0,"parent":0,"menu_order":0,"comment_status":"closed","ping_status":"closed","template":"","meta":{"content-type":"","footnotes":""},"class_list":{"0":"post-3929","1":"page","2":"type-page","3":"status-publish","4":"hentry","5":"entry","6":"clearfix","7":"entry-grid","8":"entry-columns-default","9":"entry-page-module-layout-standard","10":"is-youtube","11":"has-video","12":"no-post-thumbnail","13":"entry-page","15":"entry-page-grid"},"yoast_head":"<!-- This site is optimized with the Yoast SEO plugin v24.2 - https:\/\/yoast.com\/wordpress\/plugins\/seo\/ -->\n<title>Voix-Off et Livres Audio - Seratone Studio<\/title>\n<meta name=\"robots\" content=\"noindex, follow, max-snippet:-1, max-image-preview:large, max-video-preview:-1\" \/>\n<meta property=\"og:locale\" content=\"fr_FR\" \/>\n<meta property=\"og:type\" content=\"article\" \/>\n<meta property=\"og:title\" content=\"Voix-Off et Livres Audio - Seratone Studio\" \/>\n<meta property=\"og:description\" content=\"Voix-Off Outre le chant, la cabine vocale est \u00e9galement utilis\u00e9e pour les enregistrements de voix off et de livres audio, avec un grand \u00e9cran dans la cabine pour suivre les scripts et les vid\u00e9os. La Voix Off est l&rsquo;une des sp\u00e9cialit\u00e9s de Seratone, au service de ses clients dans le domaine commercial depuis plus que...Continue reading\" \/>\n<meta property=\"og:url\" content=\"https:\/\/seratonestudio.com\/fr\/voix-off-et-livres-audio\/\" \/>\n<meta property=\"og:site_name\" content=\"Seratone Studio\" \/>\n<meta property=\"article:modified_time\" content=\"2025-01-14T02:37:09+00:00\" \/>\n<meta name=\"twitter:card\" content=\"summary_large_image\" \/>\n<meta name=\"twitter:label1\" content=\"Dur\u00e9e de lecture estim\u00e9e\" \/>\n\t<meta name=\"twitter:data1\" content=\"2 minutes\" \/>\n<script type=\"application\/ld+json\" class=\"yoast-schema-graph\">{\"@context\":\"https:\/\/schema.org\",\"@graph\":[{\"@type\":\"WebPage\",\"@id\":\"https:\/\/seratonestudio.com\/fr\/voix-off-et-livres-audio\/\",\"url\":\"https:\/\/seratonestudio.com\/fr\/voix-off-et-livres-audio\/\",\"name\":\"Voix-Off et Livres Audio - Seratone Studio\",\"isPartOf\":{\"@id\":\"https:\/\/seratonestudio.com\/fr\/#website\"},\"datePublished\":\"2024-12-11T20:45:41+00:00\",\"dateModified\":\"2025-01-14T02:37:09+00:00\",\"breadcrumb\":{\"@id\":\"https:\/\/seratonestudio.com\/fr\/voix-off-et-livres-audio\/#breadcrumb\"},\"inLanguage\":\"fr-FR\",\"potentialAction\":[{\"@type\":\"ReadAction\",\"target\":[\"https:\/\/seratonestudio.com\/fr\/voix-off-et-livres-audio\/\"]}]},{\"@type\":\"BreadcrumbList\",\"@id\":\"https:\/\/seratonestudio.com\/fr\/voix-off-et-livres-audio\/#breadcrumb\",\"itemListElement\":[{\"@type\":\"ListItem\",\"position\":1,\"name\":\"Home\",\"item\":\"https:\/\/seratonestudio.com\/fr\/\"},{\"@type\":\"ListItem\",\"position\":2,\"name\":\"Voix-Off et Livres Audio\"}]},{\"@type\":\"WebSite\",\"@id\":\"https:\/\/seratonestudio.com\/fr\/#website\",\"url\":\"https:\/\/seratonestudio.com\/fr\/\",\"name\":\"Seratone Studio\",\"description\":\"The Nature of Recording\",\"publisher\":{\"@id\":\"https:\/\/seratonestudio.com\/fr\/#organization\"},\"potentialAction\":[{\"@type\":\"SearchAction\",\"target\":{\"@type\":\"EntryPoint\",\"urlTemplate\":\"https:\/\/seratonestudio.com\/fr\/?s={search_term_string}\"},\"query-input\":{\"@type\":\"PropertyValueSpecification\",\"valueRequired\":true,\"valueName\":\"search_term_string\"}}],\"inLanguage\":\"fr-FR\"},{\"@type\":\"Organization\",\"@id\":\"https:\/\/seratonestudio.com\/fr\/#organization\",\"name\":\"Seratone Studio\",\"url\":\"https:\/\/seratonestudio.com\/fr\/\",\"logo\":{\"@type\":\"ImageObject\",\"inLanguage\":\"fr-FR\",\"@id\":\"https:\/\/seratonestudio.com\/fr\/#\/schema\/logo\/image\/\",\"url\":\"https:\/\/seratonestudio.com\/wp-content\/uploads\/2024\/12\/Seratone-Vintage1-FX.png\",\"contentUrl\":\"https:\/\/seratonestudio.com\/wp-content\/uploads\/2024\/12\/Seratone-Vintage1-FX.png\",\"width\":1024,\"height\":934,\"caption\":\"Seratone Studio\"},\"image\":{\"@id\":\"https:\/\/seratonestudio.com\/fr\/#\/schema\/logo\/image\/\"}}]}<\/script>\n<!-- \/ Yoast SEO plugin. -->","yoast_head_json":{"title":"Voix-Off et Livres Audio - Seratone Studio","robots":{"index":"noindex","follow":"follow","max-snippet":"max-snippet:-1","max-image-preview":"max-image-preview:large","max-video-preview":"max-video-preview:-1"},"og_locale":"fr_FR","og_type":"article","og_title":"Voix-Off et Livres Audio - Seratone Studio","og_description":"Voix-Off Outre le chant, la cabine vocale est \u00e9galement utilis\u00e9e pour les enregistrements de voix off et de livres audio, avec un grand \u00e9cran dans la cabine pour suivre les scripts et les vid\u00e9os. La Voix Off est l&rsquo;une des sp\u00e9cialit\u00e9s de Seratone, au service de ses clients dans le domaine commercial depuis plus que...Continue reading","og_url":"https:\/\/seratonestudio.com\/fr\/voix-off-et-livres-audio\/","og_site_name":"Seratone Studio","article_modified_time":"2025-01-14T02:37:09+00:00","twitter_card":"summary_large_image","twitter_misc":{"Dur\u00e9e de lecture estim\u00e9e":"2 minutes"},"schema":{"@context":"https:\/\/schema.org","@graph":[{"@type":"WebPage","@id":"https:\/\/seratonestudio.com\/fr\/voix-off-et-livres-audio\/","url":"https:\/\/seratonestudio.com\/fr\/voix-off-et-livres-audio\/","name":"Voix-Off et Livres Audio - Seratone Studio","isPartOf":{"@id":"https:\/\/seratonestudio.com\/fr\/#website"},"datePublished":"2024-12-11T20:45:41+00:00","dateModified":"2025-01-14T02:37:09+00:00","breadcrumb":{"@id":"https:\/\/seratonestudio.com\/fr\/voix-off-et-livres-audio\/#breadcrumb"},"inLanguage":"fr-FR","potentialAction":[{"@type":"ReadAction","target":["https:\/\/seratonestudio.com\/fr\/voix-off-et-livres-audio\/"]}]},{"@type":"BreadcrumbList","@id":"https:\/\/seratonestudio.com\/fr\/voix-off-et-livres-audio\/#breadcrumb","itemListElement":[{"@type":"ListItem","position":1,"name":"Home","item":"https:\/\/seratonestudio.com\/fr\/"},{"@type":"ListItem","position":2,"name":"Voix-Off et Livres Audio"}]},{"@type":"WebSite","@id":"https:\/\/seratonestudio.com\/fr\/#website","url":"https:\/\/seratonestudio.com\/fr\/","name":"Seratone Studio","description":"The Nature of Recording","publisher":{"@id":"https:\/\/seratonestudio.com\/fr\/#organization"},"potentialAction":[{"@type":"SearchAction","target":{"@type":"EntryPoint","urlTemplate":"https:\/\/seratonestudio.com\/fr\/?s={search_term_string}"},"query-input":{"@type":"PropertyValueSpecification","valueRequired":true,"valueName":"search_term_string"}}],"inLanguage":"fr-FR"},{"@type":"Organization","@id":"https:\/\/seratonestudio.com\/fr\/#organization","name":"Seratone Studio","url":"https:\/\/seratonestudio.com\/fr\/","logo":{"@type":"ImageObject","inLanguage":"fr-FR","@id":"https:\/\/seratonestudio.com\/fr\/#\/schema\/logo\/image\/","url":"https:\/\/seratonestudio.com\/wp-content\/uploads\/2024\/12\/Seratone-Vintage1-FX.png","contentUrl":"https:\/\/seratonestudio.com\/wp-content\/uploads\/2024\/12\/Seratone-Vintage1-FX.png","width":1024,"height":934,"caption":"Seratone Studio"},"image":{"@id":"https:\/\/seratonestudio.com\/fr\/#\/schema\/logo\/image\/"}}]}},"_links":{"self":[{"href":"https:\/\/seratonestudio.com\/fr\/wp-json\/wp\/v2\/pages\/3929","targetHints":{"allow":["GET"]}}],"collection":[{"href":"https:\/\/seratonestudio.com\/fr\/wp-json\/wp\/v2\/pages"}],"about":[{"href":"https:\/\/seratonestudio.com\/fr\/wp-json\/wp\/v2\/types\/page"}],"author":[{"embeddable":true,"href":"https:\/\/seratonestudio.com\/fr\/wp-json\/wp\/v2\/users\/1"}],"replies":[{"embeddable":true,"href":"https:\/\/seratonestudio.com\/fr\/wp-json\/wp\/v2\/comments?post=3929"}],"version-history":[{"count":5,"href":"https:\/\/seratonestudio.com\/fr\/wp-json\/wp\/v2\/pages\/3929\/revisions"}],"predecessor-version":[{"id":3977,"href":"https:\/\/seratonestudio.com\/fr\/wp-json\/wp\/v2\/pages\/3929\/revisions\/3977"}],"wp:attachment":[{"href":"https:\/\/seratonestudio.com\/fr\/wp-json\/wp\/v2\/media?parent=3929"}],"curies":[{"name":"wp","href":"https:\/\/api.w.org\/{rel}","templated":true}]}}