{"id":3758,"date":"2024-12-09T20:57:44","date_gmt":"2024-12-09T20:57:44","guid":{"rendered":"https:\/\/seratonestudio.com\/enregistrement-mixage-et-masterisation\/"},"modified":"2025-01-14T01:55:16","modified_gmt":"2025-01-14T01:55:16","slug":"enregistrement-mixage-et-masterisation","status":"publish","type":"page","link":"https:\/\/seratonestudio.com\/fr\/enregistrement-mixage-et-masterisation\/","title":{"rendered":"Enregistrement, Mixage et Masterisation"},"content":{"rendered":"\t\t<div data-elementor-type=\"wp-page\" data-elementor-id=\"3758\" class=\"elementor elementor-3758\" data-elementor-post-type=\"page\">\n\t\t\t\t<div class=\"wolf-core-elementor-row wolf-core-font- elementor-element elementor-element-5346863 e-flex e-con-boxed e-con e-parent\" data-font-skin=\"\" data-color-tone=\"\" data-id=\"5346863\" data-element_type=\"container\" data-e-type=\"container\">\n\t\t\t\t\t<div class=\"e-con-inner\">\n\t\t\t\t<div class=\"elementor-element elementor-element-ff0cde6 elementor-widget elementor-widget-spacer\" data-id=\"ff0cde6\" data-element_type=\"widget\" data-e-type=\"widget\" data-widget_type=\"spacer.default\">\n\t\t\t\t<div class=\"elementor-widget-container\">\n\t\t\t\t\t\t\t<div class=\"elementor-spacer\">\n\t\t\t<div class=\"elementor-spacer-inner\"><\/div>\n\t\t<\/div>\n\t\t\t\t\t\t<\/div>\n\t\t\t\t<\/div>\n\t\t\t\t<div class=\"elementor-element elementor-element-f3cb5a9 elementor-widget elementor-widget-heading\" data-id=\"f3cb5a9\" data-element_type=\"widget\" data-e-type=\"widget\" data-widget_type=\"heading.default\">\n\t\t\t\t<div class=\"elementor-widget-container\">\n\t\t\t\t\t<h2 class=\"elementor-heading-title elementor-size-default\">Enregistrement<\/h2>\t\t\t\t<\/div>\n\t\t\t\t<\/div>\n\t\t\t\t<div class=\" elementor-element elementor-element-60d3626 elementor-widget elementor-widget-text-editor\" data-id=\"60d3626\" data-element_type=\"widget\" data-e-type=\"widget\" data-widget_type=\"text-editor.default\">\n\t\t\t\t<div class=\"elementor-widget-container\">\n\t\t\t\t\t\t\t\t\t<p>Vous vous sentirez \u00e0 l&rsquo;aise chez &nbsp;Seratone Studio &#8211; ceci est un ingr\u00e9dient cl\u00e9&nbsp;du processus d&rsquo;enregistrement. Le studio est con\u00e7u pour \u00eatre une source d&rsquo;inspiration, ce qui est l&rsquo;autre ingr\u00e9dient cl\u00e9 d&rsquo;une session r\u00e9ussie.&nbsp;&nbsp;<a href=\"http:\/\/seratonestudio.com\/?page_id=204\">Notre collection&nbsp;de microphones, de pr\u00e9ampes et d&rsquo;instruments<\/a>&nbsp;a \u00e9t\u00e9 s\u00e9lectionn\u00e9e&nbsp;pour fournir des sons&nbsp;polyvalents et de haute qualit\u00e9&nbsp;pour vos enregistrements afin&nbsp;de vous montrer sous votre meilleur jour.<\/p>\n<p>Le flux de travail est professionnel, efficace et flexible &#8211;&nbsp;nous nous adaptons \u00e0 votre style d&rsquo;enregistrement pr\u00e9f\u00e9r\u00e9, et si vous \u00eates novice en la mati\u00e8re, nous vous guiderons tout au long du processus.<\/p>\t\t\t\t\t\t\t\t<\/div>\n\t\t\t\t<\/div>\n\t\t\t\t\t<\/div>\n\t\t\t\t<\/div>\n\t\t<div class=\"wolf-core-elementor-row wolf-core-font- elementor-element elementor-element-04f4e1a e-flex e-con-boxed e-con e-parent\" data-font-skin=\"\" data-color-tone=\"\" data-id=\"04f4e1a\" data-element_type=\"container\" data-e-type=\"container\">\n\t\t\t\t\t<div class=\"e-con-inner\">\n\t\t\t\t<div class=\"elementor-element elementor-element-fe8cf46 elementor-widget elementor-widget-heading\" data-id=\"fe8cf46\" data-element_type=\"widget\" data-e-type=\"widget\" data-widget_type=\"heading.default\">\n\t\t\t\t<div class=\"elementor-widget-container\">\n\t\t\t\t\t<h2 class=\"elementor-heading-title elementor-size-default\">Mixage<\/h2>\t\t\t\t<\/div>\n\t\t\t\t<\/div>\n\t\t\t\t<div class=\" elementor-element elementor-element-a8d9c8a elementor-widget elementor-widget-text-editor\" data-id=\"a8d9c8a\" data-element_type=\"widget\" data-e-type=\"widget\" data-widget_type=\"text-editor.default\">\n\t\t\t\t<div class=\"elementor-widget-container\">\n\t\t\t\t\t\t\t\t\t<p>Le mixage est tout aussi important que le processus d&rsquo;enregistrement et fait toute la diff\u00e9rence dans la qualit\u00e9 de votre son. Bien qu&rsquo;un grand nombre de nos projets de mixage concernent des enregistrements de Seratone,&nbsp;nous encourageons \u00e9galement les groupes \u00e0 nous contacter avec leurs enregistrements&nbsp;pour nous occuper de l&rsquo;\u00e9tape suivante. Avec une attention extr\u00eame aux d\u00e9tails dans l&rsquo;\u00e9dition et le polissage de votre produit musical, vous ne regretterez pas d&rsquo;avoir laiss\u00e9 le travail de mixage \u00e0 Seratone.<\/p>\n<p>\u00c9coutez quelques-unes des chansons dans le playlist &nbsp;au fond de &nbsp;cette page pour vous familiariser avec la vari\u00e9t\u00e9 de musique qui a \u00e9t\u00e9 enregistr\u00e9e \/ mix\u00e9e \/ masteris\u00e9e ici au Seratone Studio.<\/p>\t\t\t\t\t\t\t\t<\/div>\n\t\t\t\t<\/div>\n\t\t\t\t\t<\/div>\n\t\t\t\t<\/div>\n\t\t<div class=\"wolf-core-elementor-row wolf-core-font- elementor-element elementor-element-1c29029 e-flex e-con-boxed e-con e-parent\" data-font-skin=\"\" data-color-tone=\"\" data-id=\"1c29029\" data-element_type=\"container\" data-e-type=\"container\">\n\t\t\t\t\t<div class=\"e-con-inner\">\n\t\t\t\t<div class=\"elementor-element elementor-element-f6a07e9 elementor-widget elementor-widget-heading\" data-id=\"f6a07e9\" data-element_type=\"widget\" data-e-type=\"widget\" data-widget_type=\"heading.default\">\n\t\t\t\t<div class=\"elementor-widget-container\">\n\t\t\t\t\t<h2 class=\"elementor-heading-title elementor-size-default\">Mast\u00e9risation<\/h2>\t\t\t\t<\/div>\n\t\t\t\t<\/div>\n\t\t\t\t<div class=\" elementor-element elementor-element-c117be5 elementor-widget elementor-widget-text-editor\" data-id=\"c117be5\" data-element_type=\"widget\" data-e-type=\"widget\" data-widget_type=\"text-editor.default\">\n\t\t\t\t<div class=\"elementor-widget-container\">\n\t\t\t\t\t\t\t\t\t<p>Ceci est la derni\u00e8re \u00e9tape du processus de cr\u00e9ation audio, tout aussi importante que les pr\u00e9c\u00e9dentes. Il pr\u00e9pare le m\u00e9lange pour une lecture homog\u00e8ne sur toutes les plateformes, tous les formats et tous les syst\u00e8mes. Il s&rsquo;agit d&rsquo;un \u00e9quilibre d\u00e9licat entre l&rsquo;art et la science dans le but d&rsquo;obtenir un son coh\u00e9rent, poli et optimis\u00e9 : en gros, on parle de adjuster le mixet le faire sonner aussi bien que possible.<\/p>\n<p>C&rsquo;est avec plaisir que nous nous chargerons de cette \u00e9tape tr\u00e8s importante pour vous.<\/p>\n\t\t\t\t\t\t\t\t<\/div>\n\t\t\t\t<\/div>\n\t\t\t\t<div class=\"elementor-element elementor-element-bd324b9 elementor-widget elementor-widget-playlist\" data-id=\"bd324b9\" data-element_type=\"widget\" data-e-type=\"widget\" data-widget_type=\"playlist.default\">\n\t\t\t\t<div class=\"elementor-widget-container\">\n\t\t\t\t\t<div class=\"wolf-core-wolf-playlist-shortcode-container wolf-core-element\" style=\"\"><\/div><!-- .wolf-core-wolf-playlist-shortcode-container -->\t\t\t\t<\/div>\n\t\t\t\t<\/div>\n\t\t\t\t\t<\/div>\n\t\t\t\t<\/div>\n\t\t<div class=\"wolf-core-elementor-row wolf-core-font- elementor-element elementor-element-957695c e-flex e-con-boxed e-con e-parent\" data-font-skin=\"\" data-color-tone=\"\" data-id=\"957695c\" data-element_type=\"container\" data-e-type=\"container\">\n\t\t\t\t\t<div class=\"e-con-inner\">\n\t\t\t\t<div class=\"elementor-element elementor-element-9053b03 elementor-cta--skin-cover elementor-animated-content elementor-bg-transform elementor-bg-transform-zoom-in elementor-widget elementor-widget-call-to-action\" data-id=\"9053b03\" data-element_type=\"widget\" data-e-type=\"widget\" data-widget_type=\"call-to-action.default\">\n\t\t\t\t<div class=\"elementor-widget-container\">\n\t\t\t\t\t\t\t<a class=\"elementor-cta\" href=\"https:\/\/seratonestudio.com\/fr\/contactez-nous\/\">\n\t\t\t\t\t<div class=\"elementor-cta__bg-wrapper\">\n\t\t\t\t<div class=\"elementor-cta__bg elementor-bg\" style=\"background-image: url(https:\/\/seratonestudio.com\/wp-content\/uploads\/2024\/12\/Screen-Shot-2024-11-29-at-5.07.07-PM-1.png);\" role=\"img\" aria-label=\"Screen Shot 2024-11-29 at 5.07.07 PM\"><\/div>\n\t\t\t\t<div class=\"elementor-cta__bg-overlay\"><\/div>\n\t\t\t<\/div>\n\t\t\t\t\t\t\t<div class=\"elementor-cta__content\">\n\t\t\t\t\n\t\t\t\t\t\t\t\t\t<h2 class=\"elementor-cta__title elementor-cta__content-item elementor-content-item elementor-animated-item--grow\">\n\t\t\t\t\t\tContactez-nous pour plus d'informations\t\t\t\t\t<\/h2>\n\t\t\t\t\n\t\t\t\t\t\t\t\t\t<div class=\"elementor-cta__description elementor-cta__content-item elementor-content-item elementor-animated-item--grow\">\n\t\t\t\t\t\t<p>Vous recevrez une r\u00e9ponse dans les 24 heures<\/p>\n\t\t\t\t\t<\/div>\n\t\t\t\t\n\t\t\t\t\t\t\t\t\t<div class=\"elementor-cta__button-wrapper elementor-cta__content-item elementor-content-item elementor-animated-item--grow\">\n\t\t\t\t\t<span class=\"elementor-cta__button elementor-button elementor-size-\">\n\t\t\t\t\t\tCliquez ici\t\t\t\t\t<\/span>\n\t\t\t\t\t<\/div>\n\t\t\t\t\t\t\t<\/div>\n\t\t\t\t\t\t<\/a>\n\t\t\t\t\t\t<\/div>\n\t\t\t\t<\/div>\n\t\t\t\t\t<\/div>\n\t\t\t\t<\/div>\n\t\t\t\t<\/div>\n\t\t","protected":false},"excerpt":{"rendered":"<p>Enregistrement Vous vous sentirez \u00e0 l&rsquo;aise chez &nbsp;Seratone Studio &#8211; ceci est un ingr\u00e9dient cl\u00e9&nbsp;du processus d&rsquo;enregistrement. Le studio est con\u00e7u pour \u00eatre une source d&rsquo;inspiration, ce qui est l&rsquo;autre ingr\u00e9dient cl\u00e9 d&rsquo;une session r\u00e9ussie.&nbsp;&nbsp;Notre collection&nbsp;de microphones, de pr\u00e9ampes et d&rsquo;instruments&nbsp;a \u00e9t\u00e9 s\u00e9lectionn\u00e9e&nbsp;pour fournir des sons&nbsp;polyvalents et de haute qualit\u00e9&nbsp;pour vos enregistrements afin&nbsp;de vous montrer&#8230;<\/p>\n<p><a rel=\"bookmark\" class=\"theme-button-solid-accent wolf-core-button wolf-core-button-size-sm\" href=\"https:\/\/seratonestudio.com\/fr\/enregistrement-mixage-et-masterisation\/\"><span>Continue reading<\/span><\/a><\/p>\n","protected":false},"author":1,"featured_media":0,"parent":0,"menu_order":0,"comment_status":"closed","ping_status":"closed","template":"","meta":{"content-type":"","footnotes":""},"class_list":{"0":"post-3758","1":"page","2":"type-page","3":"status-publish","4":"hentry","5":"entry","6":"clearfix","7":"entry-grid","8":"entry-columns-default","9":"entry-page-module-layout-standard","10":"has-audio-player","11":"no-post-thumbnail","12":"entry-page","14":"entry-page-grid"},"yoast_head":"<!-- This site is optimized with the Yoast SEO plugin v24.2 - https:\/\/yoast.com\/wordpress\/plugins\/seo\/ -->\n<title>Enregistrement, Mixage et Masterisation - Seratone Studio<\/title>\n<meta name=\"robots\" content=\"noindex, follow, max-snippet:-1, max-image-preview:large, max-video-preview:-1\" \/>\n<meta property=\"og:locale\" content=\"fr_FR\" \/>\n<meta property=\"og:type\" content=\"article\" \/>\n<meta property=\"og:title\" content=\"Enregistrement, Mixage et Masterisation - Seratone Studio\" \/>\n<meta property=\"og:description\" content=\"Enregistrement Vous vous sentirez \u00e0 l&rsquo;aise chez &nbsp;Seratone Studio &#8211; ceci est un ingr\u00e9dient cl\u00e9&nbsp;du processus d&rsquo;enregistrement. Le studio est con\u00e7u pour \u00eatre une source d&rsquo;inspiration, ce qui est l&rsquo;autre ingr\u00e9dient cl\u00e9 d&rsquo;une session r\u00e9ussie.&nbsp;&nbsp;Notre collection&nbsp;de microphones, de pr\u00e9ampes et d&rsquo;instruments&nbsp;a \u00e9t\u00e9 s\u00e9lectionn\u00e9e&nbsp;pour fournir des sons&nbsp;polyvalents et de haute qualit\u00e9&nbsp;pour vos enregistrements afin&nbsp;de vous montrer...Continue reading\" \/>\n<meta property=\"og:url\" content=\"https:\/\/seratonestudio.com\/fr\/enregistrement-mixage-et-masterisation\/\" \/>\n<meta property=\"og:site_name\" content=\"Seratone Studio\" \/>\n<meta property=\"article:modified_time\" content=\"2025-01-14T01:55:16+00:00\" \/>\n<meta name=\"twitter:card\" content=\"summary_large_image\" \/>\n<meta name=\"twitter:label1\" content=\"Dur\u00e9e de lecture estim\u00e9e\" \/>\n\t<meta name=\"twitter:data1\" content=\"3 minutes\" \/>\n<script type=\"application\/ld+json\" class=\"yoast-schema-graph\">{\"@context\":\"https:\/\/schema.org\",\"@graph\":[{\"@type\":\"WebPage\",\"@id\":\"https:\/\/seratonestudio.com\/fr\/enregistrement-mixage-et-masterisation\/\",\"url\":\"https:\/\/seratonestudio.com\/fr\/enregistrement-mixage-et-masterisation\/\",\"name\":\"Enregistrement, Mixage et Masterisation - Seratone Studio\",\"isPartOf\":{\"@id\":\"https:\/\/seratonestudio.com\/fr\/#website\"},\"datePublished\":\"2024-12-09T20:57:44+00:00\",\"dateModified\":\"2025-01-14T01:55:16+00:00\",\"breadcrumb\":{\"@id\":\"https:\/\/seratonestudio.com\/fr\/enregistrement-mixage-et-masterisation\/#breadcrumb\"},\"inLanguage\":\"fr-FR\",\"potentialAction\":[{\"@type\":\"ReadAction\",\"target\":[\"https:\/\/seratonestudio.com\/fr\/enregistrement-mixage-et-masterisation\/\"]}]},{\"@type\":\"BreadcrumbList\",\"@id\":\"https:\/\/seratonestudio.com\/fr\/enregistrement-mixage-et-masterisation\/#breadcrumb\",\"itemListElement\":[{\"@type\":\"ListItem\",\"position\":1,\"name\":\"Home\",\"item\":\"https:\/\/seratonestudio.com\/fr\/\"},{\"@type\":\"ListItem\",\"position\":2,\"name\":\"Enregistrement, Mixage et Masterisation\"}]},{\"@type\":\"WebSite\",\"@id\":\"https:\/\/seratonestudio.com\/fr\/#website\",\"url\":\"https:\/\/seratonestudio.com\/fr\/\",\"name\":\"Seratone Studio\",\"description\":\"The Nature of Recording\",\"publisher\":{\"@id\":\"https:\/\/seratonestudio.com\/fr\/#organization\"},\"potentialAction\":[{\"@type\":\"SearchAction\",\"target\":{\"@type\":\"EntryPoint\",\"urlTemplate\":\"https:\/\/seratonestudio.com\/fr\/?s={search_term_string}\"},\"query-input\":{\"@type\":\"PropertyValueSpecification\",\"valueRequired\":true,\"valueName\":\"search_term_string\"}}],\"inLanguage\":\"fr-FR\"},{\"@type\":\"Organization\",\"@id\":\"https:\/\/seratonestudio.com\/fr\/#organization\",\"name\":\"Seratone Studio\",\"url\":\"https:\/\/seratonestudio.com\/fr\/\",\"logo\":{\"@type\":\"ImageObject\",\"inLanguage\":\"fr-FR\",\"@id\":\"https:\/\/seratonestudio.com\/fr\/#\/schema\/logo\/image\/\",\"url\":\"https:\/\/seratonestudio.com\/wp-content\/uploads\/2024\/12\/Seratone-Vintage1-FX.png\",\"contentUrl\":\"https:\/\/seratonestudio.com\/wp-content\/uploads\/2024\/12\/Seratone-Vintage1-FX.png\",\"width\":1024,\"height\":934,\"caption\":\"Seratone Studio\"},\"image\":{\"@id\":\"https:\/\/seratonestudio.com\/fr\/#\/schema\/logo\/image\/\"}}]}<\/script>\n<!-- \/ Yoast SEO plugin. -->","yoast_head_json":{"title":"Enregistrement, Mixage et Masterisation - Seratone Studio","robots":{"index":"noindex","follow":"follow","max-snippet":"max-snippet:-1","max-image-preview":"max-image-preview:large","max-video-preview":"max-video-preview:-1"},"og_locale":"fr_FR","og_type":"article","og_title":"Enregistrement, Mixage et Masterisation - Seratone Studio","og_description":"Enregistrement Vous vous sentirez \u00e0 l&rsquo;aise chez &nbsp;Seratone Studio &#8211; ceci est un ingr\u00e9dient cl\u00e9&nbsp;du processus d&rsquo;enregistrement. Le studio est con\u00e7u pour \u00eatre une source d&rsquo;inspiration, ce qui est l&rsquo;autre ingr\u00e9dient cl\u00e9 d&rsquo;une session r\u00e9ussie.&nbsp;&nbsp;Notre collection&nbsp;de microphones, de pr\u00e9ampes et d&rsquo;instruments&nbsp;a \u00e9t\u00e9 s\u00e9lectionn\u00e9e&nbsp;pour fournir des sons&nbsp;polyvalents et de haute qualit\u00e9&nbsp;pour vos enregistrements afin&nbsp;de vous montrer...Continue reading","og_url":"https:\/\/seratonestudio.com\/fr\/enregistrement-mixage-et-masterisation\/","og_site_name":"Seratone Studio","article_modified_time":"2025-01-14T01:55:16+00:00","twitter_card":"summary_large_image","twitter_misc":{"Dur\u00e9e de lecture estim\u00e9e":"3 minutes"},"schema":{"@context":"https:\/\/schema.org","@graph":[{"@type":"WebPage","@id":"https:\/\/seratonestudio.com\/fr\/enregistrement-mixage-et-masterisation\/","url":"https:\/\/seratonestudio.com\/fr\/enregistrement-mixage-et-masterisation\/","name":"Enregistrement, Mixage et Masterisation - Seratone Studio","isPartOf":{"@id":"https:\/\/seratonestudio.com\/fr\/#website"},"datePublished":"2024-12-09T20:57:44+00:00","dateModified":"2025-01-14T01:55:16+00:00","breadcrumb":{"@id":"https:\/\/seratonestudio.com\/fr\/enregistrement-mixage-et-masterisation\/#breadcrumb"},"inLanguage":"fr-FR","potentialAction":[{"@type":"ReadAction","target":["https:\/\/seratonestudio.com\/fr\/enregistrement-mixage-et-masterisation\/"]}]},{"@type":"BreadcrumbList","@id":"https:\/\/seratonestudio.com\/fr\/enregistrement-mixage-et-masterisation\/#breadcrumb","itemListElement":[{"@type":"ListItem","position":1,"name":"Home","item":"https:\/\/seratonestudio.com\/fr\/"},{"@type":"ListItem","position":2,"name":"Enregistrement, Mixage et Masterisation"}]},{"@type":"WebSite","@id":"https:\/\/seratonestudio.com\/fr\/#website","url":"https:\/\/seratonestudio.com\/fr\/","name":"Seratone Studio","description":"The Nature of Recording","publisher":{"@id":"https:\/\/seratonestudio.com\/fr\/#organization"},"potentialAction":[{"@type":"SearchAction","target":{"@type":"EntryPoint","urlTemplate":"https:\/\/seratonestudio.com\/fr\/?s={search_term_string}"},"query-input":{"@type":"PropertyValueSpecification","valueRequired":true,"valueName":"search_term_string"}}],"inLanguage":"fr-FR"},{"@type":"Organization","@id":"https:\/\/seratonestudio.com\/fr\/#organization","name":"Seratone Studio","url":"https:\/\/seratonestudio.com\/fr\/","logo":{"@type":"ImageObject","inLanguage":"fr-FR","@id":"https:\/\/seratonestudio.com\/fr\/#\/schema\/logo\/image\/","url":"https:\/\/seratonestudio.com\/wp-content\/uploads\/2024\/12\/Seratone-Vintage1-FX.png","contentUrl":"https:\/\/seratonestudio.com\/wp-content\/uploads\/2024\/12\/Seratone-Vintage1-FX.png","width":1024,"height":934,"caption":"Seratone Studio"},"image":{"@id":"https:\/\/seratonestudio.com\/fr\/#\/schema\/logo\/image\/"}}]}},"_links":{"self":[{"href":"https:\/\/seratonestudio.com\/fr\/wp-json\/wp\/v2\/pages\/3758","targetHints":{"allow":["GET"]}}],"collection":[{"href":"https:\/\/seratonestudio.com\/fr\/wp-json\/wp\/v2\/pages"}],"about":[{"href":"https:\/\/seratonestudio.com\/fr\/wp-json\/wp\/v2\/types\/page"}],"author":[{"embeddable":true,"href":"https:\/\/seratonestudio.com\/fr\/wp-json\/wp\/v2\/users\/1"}],"replies":[{"embeddable":true,"href":"https:\/\/seratonestudio.com\/fr\/wp-json\/wp\/v2\/comments?post=3758"}],"version-history":[{"count":10,"href":"https:\/\/seratonestudio.com\/fr\/wp-json\/wp\/v2\/pages\/3758\/revisions"}],"predecessor-version":[{"id":3963,"href":"https:\/\/seratonestudio.com\/fr\/wp-json\/wp\/v2\/pages\/3758\/revisions\/3963"}],"wp:attachment":[{"href":"https:\/\/seratonestudio.com\/fr\/wp-json\/wp\/v2\/media?parent=3758"}],"curies":[{"name":"wp","href":"https:\/\/api.w.org\/{rel}","templated":true}]}}