{"id":3756,"date":"2024-12-11T23:30:52","date_gmt":"2024-12-11T23:30:52","guid":{"rendered":"https:\/\/seratonestudio.com\/frequences-de-solfege\/"},"modified":"2025-01-14T03:06:18","modified_gmt":"2025-01-14T03:06:18","slug":"frequences-de-solfege","status":"publish","type":"page","link":"https:\/\/seratonestudio.com\/fr\/frequences-de-solfege\/","title":{"rendered":"Fr\u00e9quences Solfeggio"},"content":{"rendered":"\t\t<div data-elementor-type=\"wp-page\" data-elementor-id=\"3756\" class=\"elementor elementor-3756\" data-elementor-post-type=\"page\">\n\t\t\t\t<div class=\"wolf-core-elementor-row wolf-core-font- elementor-element elementor-element-4cf61ff e-flex e-con-boxed e-con e-parent\" data-font-skin=\"\" data-color-tone=\"\" data-id=\"4cf61ff\" data-element_type=\"container\">\n\t\t\t\t\t<div class=\"e-con-inner\">\n\t\t\t\t<div class=\"elementor-element elementor-element-3d2c408 elementor-widget elementor-widget-spacer\" data-id=\"3d2c408\" data-element_type=\"widget\" data-widget_type=\"spacer.default\">\n\t\t\t\t<div class=\"elementor-widget-container\">\n\t\t\t\t\t\t\t<div class=\"elementor-spacer\">\n\t\t\t<div class=\"elementor-spacer-inner\"><\/div>\n\t\t<\/div>\n\t\t\t\t\t\t<\/div>\n\t\t\t\t<\/div>\n\t\t\t\t<div class=\" elementor-element elementor-element-b51b16c elementor-widget elementor-widget-image\" data-id=\"b51b16c\" data-element_type=\"widget\" data-widget_type=\"image.default\">\n\t\t\t\t<div class=\"elementor-widget-container\">\n\t\t\t\t\t\t\t\t\t\t\t\t\t\t\t<img fetchpriority=\"high\" decoding=\"async\" width=\"700\" height=\"500\" src=\"https:\/\/seratonestudio.com\/wp-content\/uploads\/2024\/12\/Solfeggio-frequencies-and-chakras.png\" class=\"attachment-full size-full wp-image-3410\" alt=\"\" srcset=\"https:\/\/seratonestudio.com\/wp-content\/uploads\/2024\/12\/Solfeggio-frequencies-and-chakras.png 700w, https:\/\/seratonestudio.com\/wp-content\/uploads\/2024\/12\/Solfeggio-frequencies-and-chakras-300x214.png 300w, https:\/\/seratonestudio.com\/wp-content\/uploads\/2024\/12\/Solfeggio-frequencies-and-chakras-500x357.png 500w, https:\/\/seratonestudio.com\/wp-content\/uploads\/2024\/12\/Solfeggio-frequencies-and-chakras-550x393.png 550w, https:\/\/seratonestudio.com\/wp-content\/uploads\/2024\/12\/Solfeggio-frequencies-and-chakras-400x286.png 400w, https:\/\/seratonestudio.com\/wp-content\/uploads\/2024\/12\/Solfeggio-frequencies-and-chakras-600x429.png 600w\" sizes=\"(max-width: 700px) 100vw, 700px\" \/>\t\t\t\t\t\t\t\t\t\t\t\t\t\t\t<\/div>\n\t\t\t\t<\/div>\n\t\t\t\t<div class=\"elementor-element elementor-element-51070b8 elementor-widget elementor-widget-heading\" data-id=\"51070b8\" data-element_type=\"widget\" data-widget_type=\"heading.default\">\n\t\t\t\t<div class=\"elementor-widget-container\">\n\t\t\t\t\t<h2 class=\"elementor-heading-title elementor-size-default\">Fr\u00e9quences Solfeggio<\/h2>\t\t\t\t<\/div>\n\t\t\t\t<\/div>\n\t\t\t\t\t<\/div>\n\t\t\t\t<\/div>\n\t\t<div class=\"wolf-core-elementor-row wolf-core-font-dark elementor-element elementor-element-0df69df wolf-core-font-dark e-flex e-con-boxed e-con e-parent\" data-font-skin=\"dark\" data-color-tone=\"\" data-id=\"0df69df\" data-element_type=\"container\" data-settings=\"{&quot;background_background&quot;:&quot;gradient&quot;}\">\n\t\t\t\t\t<div class=\"e-con-inner\">\n\t\t\t\t<div class=\" elementor-element elementor-element-1e89d6d elementor-widget elementor-widget-text-editor\" data-id=\"1e89d6d\" data-element_type=\"widget\" data-widget_type=\"text-editor.default\">\n\t\t\t\t<div class=\"elementor-widget-container\">\n\t\t\t\t\t\t\t\t\t<p>\u00ab\u00a0Qu&rsquo;est-ce qu&rsquo;une fr\u00e9quence Solfeggio?\u00a0\u00bb, vous demandez-vous peut-\u00eatre. Excellente question.<\/p>\n<p>Examinons d&rsquo;abord l&rsquo;origine :<\/p>\n<p>Les fr\u00e9quences Solfeggio remontent au XIe si\u00e8cle et sont ancr\u00e9es dans les traditions musicales de l&rsquo;Europe occidentale. \u00c0 l&rsquo;origine, ces fr\u00e9quences faisaient partie de l&rsquo;ancien syst\u00e8me de solmisation, qui attribuait \u00e0 chaque note d&rsquo;une gamme musicale une syllabe sp\u00e9cifique : \u00ab\u00a0Ut, Re, Mi, Fa, Sol, La\u00a0\u00bb : \u00ab\u00a0Ut, Re, Mi, Fa, Sol, La.\u00a0\u00bb<br>Elles ont \u00e9t\u00e9 oubli\u00e9es au fur et \u00e0 mesure que le monde moderne changeait et rempla\u00e7ait les anciennes m\u00e9thodes, mais dans les ann\u00e9es 1970, le Dr Joseph Puleo, m\u00e9decin naturopathe et chercheur, a jou\u00e9 un r\u00f4le essentiel dans la red\u00e9couverte moderne des fr\u00e9quences Solfeggio. Ses \u00e9tudes ont r\u00e9v\u00e9l\u00e9 une s\u00e9rie de six codes r\u00e9p\u00e9titifs correspondant aux six notes de la gamme Solfeggio, chacune associ\u00e9e \u00e0 des propri\u00e9t\u00e9s curatives sp\u00e9cifiques.<\/p>\n<p>Mais les fr\u00e9quences de solf\u00e8ge vont au-del\u00e0 du domaine de la gu\u00e9rison par le son ; elles servent d&rsquo;outils essentiels pour promouvoir la relaxation, soulager le stress et cultiver l&rsquo;\u00e9quilibre dans les centres d&rsquo;\u00e9nergie du corps (chakras). En influen\u00e7ant positivement l&rsquo;activit\u00e9 des ondes c\u00e9r\u00e9brales, les fr\u00e9quences de solf\u00e8ge contribuent de mani\u00e8re significative \u00e0 l&rsquo;harmonisation des chakras du corps&#8230; ce qui am\u00e9liore le chemin vers la gu\u00e9rison et le bien-\u00eatre g\u00e9n\u00e9ral. Cette interaction entre les fr\u00e9quences Solfeggio et les chakras constitue la base d&rsquo;une approche holistique de la sant\u00e9, qui permet d&rsquo;activer, de nettoyer et d&rsquo;aligner les chakras afin de soutenir leurs processus naturels de gu\u00e9rison.<\/p>\n<p>Il est devenu \u00e9vident que l&rsquo;incorporation de ces fr\u00e9quences sp\u00e9cifiques dans les enregistrements et les productions peut avoir un impact profond sur notre bien-\u00eatre. Cela dit, c&rsquo;est un domaine de la science et de la sant\u00e9 dans lequel Seratone Studio s&rsquo;implique d\u00e9sormais, ne serait-ce qu&rsquo;en tant que messager rappelant que tout est compos\u00e9 de fr\u00e9quences et que l&rsquo;utilisation de certaines d&rsquo;entre elles peut am\u00e9liorer votre vie de mani\u00e8re significative.<\/p>\n<p>Restez \u00e0 l&rsquo;\u00e9coute pour conna\u00eetre l&rsquo;\u00e9volution des retraites de gu\u00e9rison par le son au Studio Seratone.<\/p>\t\t\t\t\t\t\t\t<\/div>\n\t\t\t\t<\/div>\n\t\t\t\t\t<\/div>\n\t\t\t\t<\/div>\n\t\t\t\t<\/div>\n\t\t","protected":false},"excerpt":{"rendered":"<p>Fr\u00e9quences Solfeggio \u00ab\u00a0Qu&rsquo;est-ce qu&rsquo;une fr\u00e9quence Solfeggio?\u00a0\u00bb, vous demandez-vous peut-\u00eatre. Excellente question. Examinons d&rsquo;abord l&rsquo;origine : Les fr\u00e9quences Solfeggio remontent au XIe si\u00e8cle et sont ancr\u00e9es dans les traditions musicales de l&rsquo;Europe occidentale. \u00c0 l&rsquo;origine, ces fr\u00e9quences faisaient partie de l&rsquo;ancien syst\u00e8me de solmisation, qui attribuait \u00e0 chaque note d&rsquo;une gamme musicale une syllabe sp\u00e9cifique :&#8230;<\/p>\n<p><a rel=\"bookmark\" class=\"theme-button-solid-accent wolf-core-button wolf-core-button-size-sm\" href=\"https:\/\/seratonestudio.com\/fr\/frequences-de-solfege\/\"><span>Continue reading<\/span><\/a><\/p>\n","protected":false},"author":1,"featured_media":0,"parent":0,"menu_order":0,"comment_status":"closed","ping_status":"closed","template":"","meta":{"content-type":"","footnotes":""},"class_list":{"0":"post-3756","1":"page","2":"type-page","3":"status-publish","4":"hentry","5":"entry","6":"clearfix","7":"entry-grid","8":"entry-columns-default","9":"entry-page-module-layout-standard","10":"no-post-thumbnail","11":"entry-page","13":"entry-page-grid"},"yoast_head":"<!-- This site is optimized with the Yoast SEO plugin v24.2 - https:\/\/yoast.com\/wordpress\/plugins\/seo\/ -->\n<title>Fr\u00e9quences Solfeggio - Seratone Studio<\/title>\n<meta name=\"robots\" content=\"noindex, follow, max-snippet:-1, max-image-preview:large, max-video-preview:-1\" \/>\n<meta property=\"og:locale\" content=\"fr_FR\" \/>\n<meta property=\"og:type\" content=\"article\" \/>\n<meta property=\"og:title\" content=\"Fr\u00e9quences Solfeggio - Seratone Studio\" \/>\n<meta property=\"og:description\" content=\"Fr\u00e9quences Solfeggio \u00ab\u00a0Qu&rsquo;est-ce qu&rsquo;une fr\u00e9quence Solfeggio?\u00a0\u00bb, vous demandez-vous peut-\u00eatre. Excellente question. Examinons d&rsquo;abord l&rsquo;origine : Les fr\u00e9quences Solfeggio remontent au XIe si\u00e8cle et sont ancr\u00e9es dans les traditions musicales de l&rsquo;Europe occidentale. \u00c0 l&rsquo;origine, ces fr\u00e9quences faisaient partie de l&rsquo;ancien syst\u00e8me de solmisation, qui attribuait \u00e0 chaque note d&rsquo;une gamme musicale une syllabe sp\u00e9cifique :...Continue reading\" \/>\n<meta property=\"og:url\" content=\"https:\/\/seratonestudio.com\/fr\/frequences-de-solfege\/\" \/>\n<meta property=\"og:site_name\" content=\"Seratone Studio\" \/>\n<meta property=\"article:modified_time\" content=\"2025-01-14T03:06:18+00:00\" \/>\n<meta property=\"og:image\" content=\"https:\/\/seratonestudio.com\/wp-content\/uploads\/2024\/12\/Solfeggio-frequencies-and-chakras.png\" \/>\n\t<meta property=\"og:image:width\" content=\"700\" \/>\n\t<meta property=\"og:image:height\" content=\"500\" \/>\n\t<meta property=\"og:image:type\" content=\"image\/png\" \/>\n<meta name=\"twitter:card\" content=\"summary_large_image\" \/>\n<meta name=\"twitter:label1\" content=\"Dur\u00e9e de lecture estim\u00e9e\" \/>\n\t<meta name=\"twitter:data1\" content=\"2 minutes\" \/>\n<script type=\"application\/ld+json\" class=\"yoast-schema-graph\">{\"@context\":\"https:\/\/schema.org\",\"@graph\":[{\"@type\":\"WebPage\",\"@id\":\"https:\/\/seratonestudio.com\/fr\/frequences-de-solfege\/\",\"url\":\"https:\/\/seratonestudio.com\/fr\/frequences-de-solfege\/\",\"name\":\"Fr\u00e9quences Solfeggio - Seratone Studio\",\"isPartOf\":{\"@id\":\"https:\/\/seratonestudio.com\/fr\/#website\"},\"primaryImageOfPage\":{\"@id\":\"https:\/\/seratonestudio.com\/fr\/frequences-de-solfege\/#primaryimage\"},\"image\":{\"@id\":\"https:\/\/seratonestudio.com\/fr\/frequences-de-solfege\/#primaryimage\"},\"thumbnailUrl\":\"https:\/\/seratonestudio.com\/wp-content\/uploads\/2024\/12\/Solfeggio-frequencies-and-chakras.png\",\"datePublished\":\"2024-12-11T23:30:52+00:00\",\"dateModified\":\"2025-01-14T03:06:18+00:00\",\"breadcrumb\":{\"@id\":\"https:\/\/seratonestudio.com\/fr\/frequences-de-solfege\/#breadcrumb\"},\"inLanguage\":\"fr-FR\",\"potentialAction\":[{\"@type\":\"ReadAction\",\"target\":[\"https:\/\/seratonestudio.com\/fr\/frequences-de-solfege\/\"]}]},{\"@type\":\"ImageObject\",\"inLanguage\":\"fr-FR\",\"@id\":\"https:\/\/seratonestudio.com\/fr\/frequences-de-solfege\/#primaryimage\",\"url\":\"https:\/\/seratonestudio.com\/wp-content\/uploads\/2024\/12\/Solfeggio-frequencies-and-chakras.png\",\"contentUrl\":\"https:\/\/seratonestudio.com\/wp-content\/uploads\/2024\/12\/Solfeggio-frequencies-and-chakras.png\"},{\"@type\":\"BreadcrumbList\",\"@id\":\"https:\/\/seratonestudio.com\/fr\/frequences-de-solfege\/#breadcrumb\",\"itemListElement\":[{\"@type\":\"ListItem\",\"position\":1,\"name\":\"Home\",\"item\":\"https:\/\/seratonestudio.com\/fr\/\"},{\"@type\":\"ListItem\",\"position\":2,\"name\":\"Fr\u00e9quences Solfeggio\"}]},{\"@type\":\"WebSite\",\"@id\":\"https:\/\/seratonestudio.com\/fr\/#website\",\"url\":\"https:\/\/seratonestudio.com\/fr\/\",\"name\":\"Seratone Studio\",\"description\":\"The Nature of Recording\",\"publisher\":{\"@id\":\"https:\/\/seratonestudio.com\/fr\/#organization\"},\"potentialAction\":[{\"@type\":\"SearchAction\",\"target\":{\"@type\":\"EntryPoint\",\"urlTemplate\":\"https:\/\/seratonestudio.com\/fr\/?s={search_term_string}\"},\"query-input\":{\"@type\":\"PropertyValueSpecification\",\"valueRequired\":true,\"valueName\":\"search_term_string\"}}],\"inLanguage\":\"fr-FR\"},{\"@type\":\"Organization\",\"@id\":\"https:\/\/seratonestudio.com\/fr\/#organization\",\"name\":\"Seratone Studio\",\"url\":\"https:\/\/seratonestudio.com\/fr\/\",\"logo\":{\"@type\":\"ImageObject\",\"inLanguage\":\"fr-FR\",\"@id\":\"https:\/\/seratonestudio.com\/fr\/#\/schema\/logo\/image\/\",\"url\":\"https:\/\/seratonestudio.com\/wp-content\/uploads\/2024\/12\/Seratone-Vintage1-FX.png\",\"contentUrl\":\"https:\/\/seratonestudio.com\/wp-content\/uploads\/2024\/12\/Seratone-Vintage1-FX.png\",\"width\":1024,\"height\":934,\"caption\":\"Seratone Studio\"},\"image\":{\"@id\":\"https:\/\/seratonestudio.com\/fr\/#\/schema\/logo\/image\/\"}}]}<\/script>\n<!-- \/ Yoast SEO plugin. -->","yoast_head_json":{"title":"Fr\u00e9quences Solfeggio - Seratone Studio","robots":{"index":"noindex","follow":"follow","max-snippet":"max-snippet:-1","max-image-preview":"max-image-preview:large","max-video-preview":"max-video-preview:-1"},"og_locale":"fr_FR","og_type":"article","og_title":"Fr\u00e9quences Solfeggio - Seratone Studio","og_description":"Fr\u00e9quences Solfeggio \u00ab\u00a0Qu&rsquo;est-ce qu&rsquo;une fr\u00e9quence Solfeggio?\u00a0\u00bb, vous demandez-vous peut-\u00eatre. Excellente question. Examinons d&rsquo;abord l&rsquo;origine : Les fr\u00e9quences Solfeggio remontent au XIe si\u00e8cle et sont ancr\u00e9es dans les traditions musicales de l&rsquo;Europe occidentale. \u00c0 l&rsquo;origine, ces fr\u00e9quences faisaient partie de l&rsquo;ancien syst\u00e8me de solmisation, qui attribuait \u00e0 chaque note d&rsquo;une gamme musicale une syllabe sp\u00e9cifique :...Continue reading","og_url":"https:\/\/seratonestudio.com\/fr\/frequences-de-solfege\/","og_site_name":"Seratone Studio","article_modified_time":"2025-01-14T03:06:18+00:00","og_image":[{"width":700,"height":500,"url":"https:\/\/seratonestudio.com\/wp-content\/uploads\/2024\/12\/Solfeggio-frequencies-and-chakras.png","type":"image\/png"}],"twitter_card":"summary_large_image","twitter_misc":{"Dur\u00e9e de lecture estim\u00e9e":"2 minutes"},"schema":{"@context":"https:\/\/schema.org","@graph":[{"@type":"WebPage","@id":"https:\/\/seratonestudio.com\/fr\/frequences-de-solfege\/","url":"https:\/\/seratonestudio.com\/fr\/frequences-de-solfege\/","name":"Fr\u00e9quences Solfeggio - Seratone Studio","isPartOf":{"@id":"https:\/\/seratonestudio.com\/fr\/#website"},"primaryImageOfPage":{"@id":"https:\/\/seratonestudio.com\/fr\/frequences-de-solfege\/#primaryimage"},"image":{"@id":"https:\/\/seratonestudio.com\/fr\/frequences-de-solfege\/#primaryimage"},"thumbnailUrl":"https:\/\/seratonestudio.com\/wp-content\/uploads\/2024\/12\/Solfeggio-frequencies-and-chakras.png","datePublished":"2024-12-11T23:30:52+00:00","dateModified":"2025-01-14T03:06:18+00:00","breadcrumb":{"@id":"https:\/\/seratonestudio.com\/fr\/frequences-de-solfege\/#breadcrumb"},"inLanguage":"fr-FR","potentialAction":[{"@type":"ReadAction","target":["https:\/\/seratonestudio.com\/fr\/frequences-de-solfege\/"]}]},{"@type":"ImageObject","inLanguage":"fr-FR","@id":"https:\/\/seratonestudio.com\/fr\/frequences-de-solfege\/#primaryimage","url":"https:\/\/seratonestudio.com\/wp-content\/uploads\/2024\/12\/Solfeggio-frequencies-and-chakras.png","contentUrl":"https:\/\/seratonestudio.com\/wp-content\/uploads\/2024\/12\/Solfeggio-frequencies-and-chakras.png"},{"@type":"BreadcrumbList","@id":"https:\/\/seratonestudio.com\/fr\/frequences-de-solfege\/#breadcrumb","itemListElement":[{"@type":"ListItem","position":1,"name":"Home","item":"https:\/\/seratonestudio.com\/fr\/"},{"@type":"ListItem","position":2,"name":"Fr\u00e9quences Solfeggio"}]},{"@type":"WebSite","@id":"https:\/\/seratonestudio.com\/fr\/#website","url":"https:\/\/seratonestudio.com\/fr\/","name":"Seratone Studio","description":"The Nature of Recording","publisher":{"@id":"https:\/\/seratonestudio.com\/fr\/#organization"},"potentialAction":[{"@type":"SearchAction","target":{"@type":"EntryPoint","urlTemplate":"https:\/\/seratonestudio.com\/fr\/?s={search_term_string}"},"query-input":{"@type":"PropertyValueSpecification","valueRequired":true,"valueName":"search_term_string"}}],"inLanguage":"fr-FR"},{"@type":"Organization","@id":"https:\/\/seratonestudio.com\/fr\/#organization","name":"Seratone Studio","url":"https:\/\/seratonestudio.com\/fr\/","logo":{"@type":"ImageObject","inLanguage":"fr-FR","@id":"https:\/\/seratonestudio.com\/fr\/#\/schema\/logo\/image\/","url":"https:\/\/seratonestudio.com\/wp-content\/uploads\/2024\/12\/Seratone-Vintage1-FX.png","contentUrl":"https:\/\/seratonestudio.com\/wp-content\/uploads\/2024\/12\/Seratone-Vintage1-FX.png","width":1024,"height":934,"caption":"Seratone Studio"},"image":{"@id":"https:\/\/seratonestudio.com\/fr\/#\/schema\/logo\/image\/"}}]}},"_links":{"self":[{"href":"https:\/\/seratonestudio.com\/fr\/wp-json\/wp\/v2\/pages\/3756","targetHints":{"allow":["GET"]}}],"collection":[{"href":"https:\/\/seratonestudio.com\/fr\/wp-json\/wp\/v2\/pages"}],"about":[{"href":"https:\/\/seratonestudio.com\/fr\/wp-json\/wp\/v2\/types\/page"}],"author":[{"embeddable":true,"href":"https:\/\/seratonestudio.com\/fr\/wp-json\/wp\/v2\/users\/1"}],"replies":[{"embeddable":true,"href":"https:\/\/seratonestudio.com\/fr\/wp-json\/wp\/v2\/comments?post=3756"}],"version-history":[{"count":8,"href":"https:\/\/seratonestudio.com\/fr\/wp-json\/wp\/v2\/pages\/3756\/revisions"}],"predecessor-version":[{"id":3993,"href":"https:\/\/seratonestudio.com\/fr\/wp-json\/wp\/v2\/pages\/3756\/revisions\/3993"}],"wp:attachment":[{"href":"https:\/\/seratonestudio.com\/fr\/wp-json\/wp\/v2\/media?parent=3756"}],"curies":[{"name":"wp","href":"https:\/\/api.w.org\/{rel}","templated":true}]}}