{"id":3753,"date":"2024-12-11T20:13:13","date_gmt":"2024-12-11T20:13:13","guid":{"rendered":"https:\/\/seratonestudio.com\/retraites-sur-lecriture-de-chansons\/"},"modified":"2025-01-14T02:36:35","modified_gmt":"2025-01-14T02:36:35","slug":"retraites-sur-lecriture-de-chansons","status":"publish","type":"page","link":"https:\/\/seratonestudio.com\/fr\/retraites-sur-lecriture-de-chansons\/","title":{"rendered":"Retraites Cr\u00e9atives"},"content":{"rendered":"\t\t<div data-elementor-type=\"wp-page\" data-elementor-id=\"3753\" class=\"elementor elementor-3753\" data-elementor-post-type=\"page\">\n\t\t\t\t<div class=\"wolf-core-elementor-row wolf-core-font- elementor-element elementor-element-4193827 e-flex e-con-boxed e-con e-parent\" data-font-skin=\"\" data-color-tone=\"\" data-id=\"4193827\" data-element_type=\"container\" data-e-type=\"container\">\n\t\t\t\t\t<div class=\"e-con-inner\">\n\t\t\t\t<div class=\"elementor-element elementor-element-9e09665 elementor-widget elementor-widget-spacer\" data-id=\"9e09665\" data-element_type=\"widget\" data-e-type=\"widget\" data-widget_type=\"spacer.default\">\n\t\t\t\t<div class=\"elementor-widget-container\">\n\t\t\t\t\t\t\t<div class=\"elementor-spacer\">\n\t\t\t<div class=\"elementor-spacer-inner\"><\/div>\n\t\t<\/div>\n\t\t\t\t\t\t<\/div>\n\t\t\t\t<\/div>\n\t\t\t\t<div class=\"elementor-element elementor-element-b017d9e elementor-widget elementor-widget-heading\" data-id=\"b017d9e\" data-element_type=\"widget\" data-e-type=\"widget\" data-widget_type=\"heading.default\">\n\t\t\t\t<div class=\"elementor-widget-container\">\n\t\t\t\t\t<h2 class=\"elementor-heading-title elementor-size-default\">Retraites Cr\u00e9atives<\/h2>\t\t\t\t<\/div>\n\t\t\t\t<\/div>\n\t\t\t\t<div class=\" elementor-element elementor-element-d1b6405 elementor-widget elementor-widget-text-editor\" data-id=\"d1b6405\" data-element_type=\"widget\" data-e-type=\"widget\" data-widget_type=\"text-editor.default\">\n\t\t\t\t<div class=\"elementor-widget-container\">\n\t\t\t\t\t\t\t\t\t<p><span style=\"font-family: var( --e-global-typography-text-font-family ), Sans-serif; font-weight: var( --e-global-typography-text-font-weight ); text-align: var(--text-align); background-color: initial;\">Mon objectif en construisant cette version de Seratone \u00e9tait de favoriser l&rsquo;inspiration et la cr\u00e9ativit\u00e9. Quelle meilleure fa\u00e7on de servir votre projet que dans le calme et l&rsquo;intimit\u00e9 de votre propre retraite cr\u00e9ative ?<\/span><\/p>\n<p>Depuis sa nouvelle ouverture en juillet 2023, Seratone Studio se trouve dans une grande maison patrimoniale \u00e0 la campagne, \u00e0 10 minutes au nord de la fronti\u00e8re am\u00e9ricaine et \u00e0 15 minutes au sud de Magog (l&rsquo;une des villes les plus charmantes des Cantons de l&rsquo;Est du Qu\u00e9bec). Cette maison est aussi vieille que le village dans laquelle elle se trouve, Fitch Bay&#8230; environ 175 ans. Beaucoup d&rsquo;histoire, dont une des plus int\u00e9ressantes est que pendant les 30 premi\u00e8res ann\u00e9es, cette maison \u00e9tait connue sous le nom de Hamilton Hall &#8211; un endroit o\u00f9 les gens se rassemblaient pour danser et socialiser dans la grande salle de bal \u00e0 l&rsquo;\u00e9tage. De petits orchestres jouaient de la musique, des d\u00eeners d&rsquo;hu\u00eetres et des chambres \u00e0 louer \u00e9taient propos\u00e9s aux voyageurs de passage dans cette ville qui \u00e9tait une plaque tournante entre Boston et Montr\u00e9al \u00e0 la fin des ann\u00e9es 1800.<\/p>\n<p>Tout cela pour dire que l&rsquo;h\u00e9bergement est une activit\u00e9 \u00e0 laquelle ce b\u00e2timent est habitu\u00e9 depuis l&rsquo;\u00e9poque du Hamilton Hall. C&rsquo;est un endroit id\u00e9al pour d\u00e9ployer vos ailes artistiques et plonger dans le processus d&rsquo;exploitation de votre inspiration et de votre cr\u00e9ativit\u00e9. Sans les distractions de votre vie quotidienne, sans le chaos de la ville&#8230; sans un autre endroit o\u00f9 vous devez \u00eatre. <span style=\"font-family: var( --e-global-typography-text-font-family ), Sans-serif; font-weight: var( --e-global-typography-text-font-weight ); text-align: var(--text-align); background-color: initial;\">Il y a plusieurs chambres confortables, toutes situ\u00e9es \u00e0 l&rsquo;\u00e9tage o\u00f9 se trouve le studio, de sorte que si vous \u00eates frapp\u00e9 par l&rsquo;inspiration au milieu de la nuit, vous pouvez venir jouer dans le calme et l&rsquo;intimit\u00e9 du studio. <\/span><\/p>\n<p><span style=\"font-family: var( --e-global-typography-text-font-family ), Sans-serif; font-weight: var( --e-global-typography-text-font-weight ); text-align: var(--text-align); background-color: initial;\">Venez voir par vous-m\u00eame, vous ne serez pas d\u00e9\u00e7u !<\/span><\/p>\n\t\t\t\t\t\t\t\t<\/div>\n\t\t\t\t<\/div>\n\t\t\t\t\t<\/div>\n\t\t\t\t<\/div>\n\t\t<div class=\"wolf-core-elementor-row wolf-core-font- elementor-element elementor-element-c03b00f e-flex e-con-boxed e-con e-parent\" data-font-skin=\"\" data-color-tone=\"\" data-id=\"c03b00f\" data-element_type=\"container\" data-e-type=\"container\">\n\t\t\t\t\t<div class=\"e-con-inner\">\n\t\t\t\t<div class=\" elementor-element elementor-element-36a97ec elementor-pagination-position-inside elementor-arrows-position-inside elementor-widget elementor-widget-image-carousel\" data-id=\"36a97ec\" data-element_type=\"widget\" data-e-type=\"widget\" data-settings=\"{&quot;image_spacing_custom&quot;:{&quot;unit&quot;:&quot;px&quot;,&quot;size&quot;:7,&quot;sizes&quot;:[]},&quot;navigation&quot;:&quot;both&quot;,&quot;autoplay&quot;:&quot;yes&quot;,&quot;pause_on_hover&quot;:&quot;yes&quot;,&quot;pause_on_interaction&quot;:&quot;yes&quot;,&quot;autoplay_speed&quot;:5000,&quot;infinite&quot;:&quot;yes&quot;,&quot;speed&quot;:500,&quot;image_spacing_custom_tablet&quot;:{&quot;unit&quot;:&quot;px&quot;,&quot;size&quot;:&quot;&quot;,&quot;sizes&quot;:[]},&quot;image_spacing_custom_mobile&quot;:{&quot;unit&quot;:&quot;px&quot;,&quot;size&quot;:&quot;&quot;,&quot;sizes&quot;:[]}}\" data-widget_type=\"image-carousel.default\">\n\t\t\t\t<div class=\"elementor-widget-container\">\n\t\t\t\t\t\t\t<div class=\"elementor-image-carousel-wrapper swiper\" role=\"region\" aria-roledescription=\"carousel\" aria-label=\"Image Carousel\" dir=\"ltr\">\n\t\t\t<div class=\"elementor-image-carousel swiper-wrapper\" aria-live=\"off\">\n\t\t\t\t\t\t\t\t<div class=\"swiper-slide\" role=\"group\" aria-roledescription=\"slide\" aria-label=\"1 sur 15\"><figure class=\"swiper-slide-inner\"><img decoding=\"async\" class=\"swiper-slide-image\" src=\"https:\/\/seratonestudio.com\/wp-content\/uploads\/2024\/12\/8725AB51-D211-4810-A286-B04C82579702-400x400.webp\" alt=\"8725AB51-D211-4810-A286-B04C82579702\" \/><\/figure><\/div><div class=\"swiper-slide\" role=\"group\" aria-roledescription=\"slide\" aria-label=\"2 sur 15\"><figure class=\"swiper-slide-inner\"><img decoding=\"async\" class=\"swiper-slide-image\" src=\"https:\/\/seratonestudio.com\/wp-content\/uploads\/2024\/12\/IMG_3456-400x400.jpg\" alt=\"IMG_3456\" \/><\/figure><\/div><div class=\"swiper-slide\" role=\"group\" aria-roledescription=\"slide\" aria-label=\"3 sur 15\"><figure class=\"swiper-slide-inner\"><img decoding=\"async\" class=\"swiper-slide-image\" src=\"https:\/\/seratonestudio.com\/wp-content\/uploads\/2024\/12\/Screen-Shot-2024-11-29-at-5.05.22-PM-400x400.png\" alt=\"Screen Shot 2024-11-29 at 5.05.22 PM\" \/><\/figure><\/div><div class=\"swiper-slide\" role=\"group\" aria-roledescription=\"slide\" aria-label=\"4 sur 15\"><figure class=\"swiper-slide-inner\"><img decoding=\"async\" class=\"swiper-slide-image\" src=\"https:\/\/seratonestudio.com\/wp-content\/uploads\/2024\/12\/IMG_3017-400x400.jpg\" alt=\"IMG_3017\" \/><\/figure><\/div><div class=\"swiper-slide\" role=\"group\" aria-roledescription=\"slide\" aria-label=\"5 sur 15\"><figure class=\"swiper-slide-inner\"><img decoding=\"async\" class=\"swiper-slide-image\" src=\"https:\/\/seratonestudio.com\/wp-content\/uploads\/2024\/12\/IMG_3016-400x400.jpg\" alt=\"IMG_3016\" \/><\/figure><\/div><div class=\"swiper-slide\" role=\"group\" aria-roledescription=\"slide\" aria-label=\"6 sur 15\"><figure class=\"swiper-slide-inner\"><img decoding=\"async\" class=\"swiper-slide-image\" src=\"https:\/\/seratonestudio.com\/wp-content\/uploads\/2024\/12\/IMG_9804-400x400.jpg\" alt=\"IMG_9804\" \/><\/figure><\/div><div class=\"swiper-slide\" role=\"group\" aria-roledescription=\"slide\" aria-label=\"7 sur 15\"><figure class=\"swiper-slide-inner\"><img decoding=\"async\" class=\"swiper-slide-image\" src=\"https:\/\/seratonestudio.com\/wp-content\/uploads\/2024\/12\/Control-Acoustics-400x400.jpg\" alt=\"Control Acoustics\" \/><\/figure><\/div><div class=\"swiper-slide\" role=\"group\" aria-roledescription=\"slide\" aria-label=\"8 sur 15\"><figure class=\"swiper-slide-inner\"><img decoding=\"async\" class=\"swiper-slide-image\" src=\"https:\/\/seratonestudio.com\/wp-content\/uploads\/2024\/12\/IMG_3473-400x400.jpg\" alt=\"IMG_3473\" \/><\/figure><\/div><div class=\"swiper-slide\" role=\"group\" aria-roledescription=\"slide\" aria-label=\"9 sur 15\"><figure class=\"swiper-slide-inner\"><img decoding=\"async\" class=\"swiper-slide-image\" src=\"https:\/\/seratonestudio.com\/wp-content\/uploads\/2024\/12\/Control-Elecs-400x400.jpg\" alt=\"Control Elecs\" \/><\/figure><\/div><div class=\"swiper-slide\" role=\"group\" aria-roledescription=\"slide\" aria-label=\"10 sur 15\"><figure class=\"swiper-slide-inner\"><img decoding=\"async\" class=\"swiper-slide-image\" src=\"https:\/\/seratonestudio.com\/wp-content\/uploads\/2024\/12\/Control-Window-400x400.jpg\" alt=\"Control Window\" \/><\/figure><\/div><div class=\"swiper-slide\" role=\"group\" aria-roledescription=\"slide\" aria-label=\"11 sur 15\"><figure class=\"swiper-slide-inner\"><img decoding=\"async\" class=\"swiper-slide-image\" src=\"https:\/\/seratonestudio.com\/wp-content\/uploads\/2024\/12\/Screen-Shot-2024-11-29-at-5.01.02-PM-400x400.png\" alt=\"Screen Shot 2024-11-29 at 5.01.02 PM\" \/><\/figure><\/div><div class=\"swiper-slide\" role=\"group\" aria-roledescription=\"slide\" aria-label=\"12 sur 15\"><figure class=\"swiper-slide-inner\"><img decoding=\"async\" class=\"swiper-slide-image\" src=\"https:\/\/seratonestudio.com\/wp-content\/uploads\/2024\/12\/IMG_3018-400x400.jpg\" alt=\"IMG_3018\" \/><\/figure><\/div><div class=\"swiper-slide\" role=\"group\" aria-roledescription=\"slide\" aria-label=\"13 sur 15\"><figure class=\"swiper-slide-inner\"><img decoding=\"async\" class=\"swiper-slide-image\" src=\"https:\/\/seratonestudio.com\/wp-content\/uploads\/2024\/12\/IMG_9802-scaled.jpg\" alt=\"\" \/><\/figure><\/div><div class=\"swiper-slide\" role=\"group\" aria-roledescription=\"slide\" aria-label=\"14 sur 15\"><figure class=\"swiper-slide-inner\"><img decoding=\"async\" class=\"swiper-slide-image\" src=\"https:\/\/seratonestudio.com\/wp-content\/uploads\/2024\/12\/FullSizeRender-400x400.webp\" alt=\"FullSizeRender\" \/><\/figure><\/div><div class=\"swiper-slide\" role=\"group\" aria-roledescription=\"slide\" aria-label=\"15 sur 15\"><figure class=\"swiper-slide-inner\"><img decoding=\"async\" class=\"swiper-slide-image\" src=\"https:\/\/seratonestudio.com\/wp-content\/uploads\/2024\/12\/IMG_3608-400x400.jpg\" alt=\"IMG_3608\" \/><\/figure><\/div>\t\t\t<\/div>\n\t\t\t\t\t\t\t\t\t\t\t\t<div class=\"elementor-swiper-button elementor-swiper-button-prev\" role=\"button\" tabindex=\"0\">\n\t\t\t\t\t\t<svg aria-hidden=\"true\" class=\"e-font-icon-svg e-eicon-chevron-left\" viewBox=\"0 0 1000 1000\" xmlns=\"http:\/\/www.w3.org\/2000\/svg\"><path d=\"M646 125C629 125 613 133 604 142L308 442C296 454 292 471 292 487 292 504 296 521 308 533L604 854C617 867 629 875 646 875 663 875 679 871 692 858 704 846 713 829 713 812 713 796 708 779 692 767L438 487 692 225C700 217 708 204 708 187 708 171 704 154 692 142 675 129 663 125 646 125Z\"><\/path><\/svg>\t\t\t\t\t<\/div>\n\t\t\t\t\t<div class=\"elementor-swiper-button elementor-swiper-button-next\" role=\"button\" tabindex=\"0\">\n\t\t\t\t\t\t<svg aria-hidden=\"true\" class=\"e-font-icon-svg e-eicon-chevron-right\" viewBox=\"0 0 1000 1000\" xmlns=\"http:\/\/www.w3.org\/2000\/svg\"><path d=\"M696 533C708 521 713 504 713 487 713 471 708 454 696 446L400 146C388 133 375 125 354 125 338 125 325 129 313 142 300 154 292 171 292 187 292 204 296 221 308 233L563 492 304 771C292 783 288 800 288 817 288 833 296 850 308 863 321 871 338 875 354 875 371 875 388 867 400 854L696 533Z\"><\/path><\/svg>\t\t\t\t\t<\/div>\n\t\t\t\t\n\t\t\t\t\t\t\t\t\t<div class=\"swiper-pagination\"><\/div>\n\t\t\t\t\t\t\t\t\t<\/div>\n\t\t\t\t\t\t<\/div>\n\t\t\t\t<\/div>\n\t\t\t\t\t<\/div>\n\t\t\t\t<\/div>\n\t\t<div class=\"wolf-core-elementor-row wolf-core-font- elementor-element elementor-element-8fc9099 e-flex e-con-boxed e-con e-parent\" data-font-skin=\"\" data-color-tone=\"\" data-id=\"8fc9099\" data-element_type=\"container\" data-e-type=\"container\">\n\t\t\t\t\t<div class=\"e-con-inner\">\n\t\t\t\t<div class=\"elementor-element elementor-element-64f6b24 elementor-cta--skin-cover elementor-animated-content elementor-bg-transform elementor-bg-transform-zoom-in elementor-widget elementor-widget-call-to-action\" data-id=\"64f6b24\" data-element_type=\"widget\" data-e-type=\"widget\" data-widget_type=\"call-to-action.default\">\n\t\t\t\t<div class=\"elementor-widget-container\">\n\t\t\t\t\t\t\t<a class=\"elementor-cta\" href=\"https:\/\/seratonestudio.com\/fr\/contactez-nous\/\">\n\t\t\t\t\t<div class=\"elementor-cta__bg-wrapper\">\n\t\t\t\t<div class=\"elementor-cta__bg elementor-bg\" style=\"background-image: url(https:\/\/seratonestudio.com\/wp-content\/uploads\/2024\/12\/Screen-Shot-2024-11-29-at-5.07.07-PM-1.png);\" role=\"img\" aria-label=\"Screen Shot 2024-11-29 at 5.07.07 PM\"><\/div>\n\t\t\t\t<div class=\"elementor-cta__bg-overlay\"><\/div>\n\t\t\t<\/div>\n\t\t\t\t\t\t\t<div class=\"elementor-cta__content\">\n\t\t\t\t\n\t\t\t\t\t\t\t\t\t<h2 class=\"elementor-cta__title elementor-cta__content-item elementor-content-item elementor-animated-item--grow\">\n\t\t\t\t\t\tContactez-nous pour plus d'informations\t\t\t\t\t<\/h2>\n\t\t\t\t\n\t\t\t\t\t\t\t\t\t<div class=\"elementor-cta__description elementor-cta__content-item elementor-content-item elementor-animated-item--grow\">\n\t\t\t\t\t\t<p>Vous recevrez une r\u00e9ponse dans les 24 heures<\/p>\n\t\t\t\t\t<\/div>\n\t\t\t\t\n\t\t\t\t\t\t\t\t\t<div class=\"elementor-cta__button-wrapper elementor-cta__content-item elementor-content-item elementor-animated-item--grow\">\n\t\t\t\t\t<span class=\"elementor-cta__button elementor-button elementor-size-\">\n\t\t\t\t\t\tCliquez ici\t\t\t\t\t<\/span>\n\t\t\t\t\t<\/div>\n\t\t\t\t\t\t\t<\/div>\n\t\t\t\t\t\t<\/a>\n\t\t\t\t\t\t<\/div>\n\t\t\t\t<\/div>\n\t\t\t\t\t<\/div>\n\t\t\t\t<\/div>\n\t\t\t\t<\/div>\n\t\t","protected":false},"excerpt":{"rendered":"<p>Retraites Cr\u00e9atives Mon objectif en construisant cette version de Seratone \u00e9tait de favoriser l&rsquo;inspiration et la cr\u00e9ativit\u00e9. Quelle meilleure fa\u00e7on de servir votre projet que dans le calme et l&rsquo;intimit\u00e9 de votre propre retraite cr\u00e9ative ? Depuis sa nouvelle ouverture en juillet 2023, Seratone Studio se trouve dans une grande maison patrimoniale \u00e0 la campagne,&#8230;<\/p>\n<p><a rel=\"bookmark\" class=\"theme-button-solid-accent wolf-core-button wolf-core-button-size-sm\" href=\"https:\/\/seratonestudio.com\/fr\/retraites-sur-lecriture-de-chansons\/\"><span>Continue reading<\/span><\/a><\/p>\n","protected":false},"author":1,"featured_media":0,"parent":0,"menu_order":0,"comment_status":"closed","ping_status":"closed","template":"","meta":{"content-type":"","footnotes":""},"class_list":{"0":"post-3753","1":"page","2":"type-page","3":"status-publish","4":"hentry","5":"entry","6":"clearfix","7":"entry-grid","8":"entry-columns-default","9":"entry-page-module-layout-standard","10":"no-post-thumbnail","11":"entry-page","13":"entry-page-grid"},"yoast_head":"<!-- This site is optimized with the Yoast SEO plugin v24.2 - https:\/\/yoast.com\/wordpress\/plugins\/seo\/ -->\n<title>Retraites Cr\u00e9atives - Seratone Studio<\/title>\n<meta name=\"robots\" content=\"noindex, follow, max-snippet:-1, max-image-preview:large, max-video-preview:-1\" \/>\n<meta property=\"og:locale\" content=\"fr_FR\" \/>\n<meta property=\"og:type\" content=\"article\" \/>\n<meta property=\"og:title\" content=\"Retraites Cr\u00e9atives - Seratone Studio\" \/>\n<meta property=\"og:description\" content=\"Retraites Cr\u00e9atives Mon objectif en construisant cette version de Seratone \u00e9tait de favoriser l&rsquo;inspiration et la cr\u00e9ativit\u00e9. Quelle meilleure fa\u00e7on de servir votre projet que dans le calme et l&rsquo;intimit\u00e9 de votre propre retraite cr\u00e9ative ? Depuis sa nouvelle ouverture en juillet 2023, Seratone Studio se trouve dans une grande maison patrimoniale \u00e0 la campagne,...Continue reading\" \/>\n<meta property=\"og:url\" content=\"https:\/\/seratonestudio.com\/fr\/retraites-sur-lecriture-de-chansons\/\" \/>\n<meta property=\"og:site_name\" content=\"Seratone Studio\" \/>\n<meta property=\"article:modified_time\" content=\"2025-01-14T02:36:35+00:00\" \/>\n<meta property=\"og:image\" content=\"https:\/\/seratonestudio.com\/wp-content\/uploads\/2024\/12\/8725AB51-D211-4810-A286-B04C82579702-400x400.webp\" \/>\n<meta name=\"twitter:card\" content=\"summary_large_image\" \/>\n<meta name=\"twitter:label1\" content=\"Dur\u00e9e de lecture estim\u00e9e\" \/>\n\t<meta name=\"twitter:data1\" content=\"6 minutes\" \/>\n<script type=\"application\/ld+json\" class=\"yoast-schema-graph\">{\"@context\":\"https:\/\/schema.org\",\"@graph\":[{\"@type\":\"WebPage\",\"@id\":\"https:\/\/seratonestudio.com\/fr\/retraites-sur-lecriture-de-chansons\/\",\"url\":\"https:\/\/seratonestudio.com\/fr\/retraites-sur-lecriture-de-chansons\/\",\"name\":\"Retraites Cr\u00e9atives - Seratone Studio\",\"isPartOf\":{\"@id\":\"https:\/\/seratonestudio.com\/fr\/#website\"},\"primaryImageOfPage\":{\"@id\":\"https:\/\/seratonestudio.com\/fr\/retraites-sur-lecriture-de-chansons\/#primaryimage\"},\"image\":{\"@id\":\"https:\/\/seratonestudio.com\/fr\/retraites-sur-lecriture-de-chansons\/#primaryimage\"},\"thumbnailUrl\":\"https:\/\/seratonestudio.com\/wp-content\/uploads\/2024\/12\/8725AB51-D211-4810-A286-B04C82579702-400x400.webp\",\"datePublished\":\"2024-12-11T20:13:13+00:00\",\"dateModified\":\"2025-01-14T02:36:35+00:00\",\"breadcrumb\":{\"@id\":\"https:\/\/seratonestudio.com\/fr\/retraites-sur-lecriture-de-chansons\/#breadcrumb\"},\"inLanguage\":\"fr-FR\",\"potentialAction\":[{\"@type\":\"ReadAction\",\"target\":[\"https:\/\/seratonestudio.com\/fr\/retraites-sur-lecriture-de-chansons\/\"]}]},{\"@type\":\"ImageObject\",\"inLanguage\":\"fr-FR\",\"@id\":\"https:\/\/seratonestudio.com\/fr\/retraites-sur-lecriture-de-chansons\/#primaryimage\",\"url\":\"https:\/\/seratonestudio.com\/wp-content\/uploads\/2024\/12\/8725AB51-D211-4810-A286-B04C82579702-400x400.webp\",\"contentUrl\":\"https:\/\/seratonestudio.com\/wp-content\/uploads\/2024\/12\/8725AB51-D211-4810-A286-B04C82579702-400x400.webp\"},{\"@type\":\"BreadcrumbList\",\"@id\":\"https:\/\/seratonestudio.com\/fr\/retraites-sur-lecriture-de-chansons\/#breadcrumb\",\"itemListElement\":[{\"@type\":\"ListItem\",\"position\":1,\"name\":\"Home\",\"item\":\"https:\/\/seratonestudio.com\/fr\/\"},{\"@type\":\"ListItem\",\"position\":2,\"name\":\"Retraites Cr\u00e9atives\"}]},{\"@type\":\"WebSite\",\"@id\":\"https:\/\/seratonestudio.com\/fr\/#website\",\"url\":\"https:\/\/seratonestudio.com\/fr\/\",\"name\":\"Seratone Studio\",\"description\":\"The Nature of Recording\",\"publisher\":{\"@id\":\"https:\/\/seratonestudio.com\/fr\/#organization\"},\"potentialAction\":[{\"@type\":\"SearchAction\",\"target\":{\"@type\":\"EntryPoint\",\"urlTemplate\":\"https:\/\/seratonestudio.com\/fr\/?s={search_term_string}\"},\"query-input\":{\"@type\":\"PropertyValueSpecification\",\"valueRequired\":true,\"valueName\":\"search_term_string\"}}],\"inLanguage\":\"fr-FR\"},{\"@type\":\"Organization\",\"@id\":\"https:\/\/seratonestudio.com\/fr\/#organization\",\"name\":\"Seratone Studio\",\"url\":\"https:\/\/seratonestudio.com\/fr\/\",\"logo\":{\"@type\":\"ImageObject\",\"inLanguage\":\"fr-FR\",\"@id\":\"https:\/\/seratonestudio.com\/fr\/#\/schema\/logo\/image\/\",\"url\":\"https:\/\/seratonestudio.com\/wp-content\/uploads\/2024\/12\/Seratone-Vintage1-FX.png\",\"contentUrl\":\"https:\/\/seratonestudio.com\/wp-content\/uploads\/2024\/12\/Seratone-Vintage1-FX.png\",\"width\":1024,\"height\":934,\"caption\":\"Seratone Studio\"},\"image\":{\"@id\":\"https:\/\/seratonestudio.com\/fr\/#\/schema\/logo\/image\/\"}}]}<\/script>\n<!-- \/ Yoast SEO plugin. -->","yoast_head_json":{"title":"Retraites Cr\u00e9atives - Seratone Studio","robots":{"index":"noindex","follow":"follow","max-snippet":"max-snippet:-1","max-image-preview":"max-image-preview:large","max-video-preview":"max-video-preview:-1"},"og_locale":"fr_FR","og_type":"article","og_title":"Retraites Cr\u00e9atives - Seratone Studio","og_description":"Retraites Cr\u00e9atives Mon objectif en construisant cette version de Seratone \u00e9tait de favoriser l&rsquo;inspiration et la cr\u00e9ativit\u00e9. Quelle meilleure fa\u00e7on de servir votre projet que dans le calme et l&rsquo;intimit\u00e9 de votre propre retraite cr\u00e9ative ? Depuis sa nouvelle ouverture en juillet 2023, Seratone Studio se trouve dans une grande maison patrimoniale \u00e0 la campagne,...Continue reading","og_url":"https:\/\/seratonestudio.com\/fr\/retraites-sur-lecriture-de-chansons\/","og_site_name":"Seratone Studio","article_modified_time":"2025-01-14T02:36:35+00:00","og_image":[{"url":"https:\/\/seratonestudio.com\/wp-content\/uploads\/2024\/12\/8725AB51-D211-4810-A286-B04C82579702-400x400.webp","type":"","width":"","height":""}],"twitter_card":"summary_large_image","twitter_misc":{"Dur\u00e9e de lecture estim\u00e9e":"6 minutes"},"schema":{"@context":"https:\/\/schema.org","@graph":[{"@type":"WebPage","@id":"https:\/\/seratonestudio.com\/fr\/retraites-sur-lecriture-de-chansons\/","url":"https:\/\/seratonestudio.com\/fr\/retraites-sur-lecriture-de-chansons\/","name":"Retraites Cr\u00e9atives - Seratone Studio","isPartOf":{"@id":"https:\/\/seratonestudio.com\/fr\/#website"},"primaryImageOfPage":{"@id":"https:\/\/seratonestudio.com\/fr\/retraites-sur-lecriture-de-chansons\/#primaryimage"},"image":{"@id":"https:\/\/seratonestudio.com\/fr\/retraites-sur-lecriture-de-chansons\/#primaryimage"},"thumbnailUrl":"https:\/\/seratonestudio.com\/wp-content\/uploads\/2024\/12\/8725AB51-D211-4810-A286-B04C82579702-400x400.webp","datePublished":"2024-12-11T20:13:13+00:00","dateModified":"2025-01-14T02:36:35+00:00","breadcrumb":{"@id":"https:\/\/seratonestudio.com\/fr\/retraites-sur-lecriture-de-chansons\/#breadcrumb"},"inLanguage":"fr-FR","potentialAction":[{"@type":"ReadAction","target":["https:\/\/seratonestudio.com\/fr\/retraites-sur-lecriture-de-chansons\/"]}]},{"@type":"ImageObject","inLanguage":"fr-FR","@id":"https:\/\/seratonestudio.com\/fr\/retraites-sur-lecriture-de-chansons\/#primaryimage","url":"https:\/\/seratonestudio.com\/wp-content\/uploads\/2024\/12\/8725AB51-D211-4810-A286-B04C82579702-400x400.webp","contentUrl":"https:\/\/seratonestudio.com\/wp-content\/uploads\/2024\/12\/8725AB51-D211-4810-A286-B04C82579702-400x400.webp"},{"@type":"BreadcrumbList","@id":"https:\/\/seratonestudio.com\/fr\/retraites-sur-lecriture-de-chansons\/#breadcrumb","itemListElement":[{"@type":"ListItem","position":1,"name":"Home","item":"https:\/\/seratonestudio.com\/fr\/"},{"@type":"ListItem","position":2,"name":"Retraites Cr\u00e9atives"}]},{"@type":"WebSite","@id":"https:\/\/seratonestudio.com\/fr\/#website","url":"https:\/\/seratonestudio.com\/fr\/","name":"Seratone Studio","description":"The Nature of Recording","publisher":{"@id":"https:\/\/seratonestudio.com\/fr\/#organization"},"potentialAction":[{"@type":"SearchAction","target":{"@type":"EntryPoint","urlTemplate":"https:\/\/seratonestudio.com\/fr\/?s={search_term_string}"},"query-input":{"@type":"PropertyValueSpecification","valueRequired":true,"valueName":"search_term_string"}}],"inLanguage":"fr-FR"},{"@type":"Organization","@id":"https:\/\/seratonestudio.com\/fr\/#organization","name":"Seratone Studio","url":"https:\/\/seratonestudio.com\/fr\/","logo":{"@type":"ImageObject","inLanguage":"fr-FR","@id":"https:\/\/seratonestudio.com\/fr\/#\/schema\/logo\/image\/","url":"https:\/\/seratonestudio.com\/wp-content\/uploads\/2024\/12\/Seratone-Vintage1-FX.png","contentUrl":"https:\/\/seratonestudio.com\/wp-content\/uploads\/2024\/12\/Seratone-Vintage1-FX.png","width":1024,"height":934,"caption":"Seratone Studio"},"image":{"@id":"https:\/\/seratonestudio.com\/fr\/#\/schema\/logo\/image\/"}}]}},"_links":{"self":[{"href":"https:\/\/seratonestudio.com\/fr\/wp-json\/wp\/v2\/pages\/3753","targetHints":{"allow":["GET"]}}],"collection":[{"href":"https:\/\/seratonestudio.com\/fr\/wp-json\/wp\/v2\/pages"}],"about":[{"href":"https:\/\/seratonestudio.com\/fr\/wp-json\/wp\/v2\/types\/page"}],"author":[{"embeddable":true,"href":"https:\/\/seratonestudio.com\/fr\/wp-json\/wp\/v2\/users\/1"}],"replies":[{"embeddable":true,"href":"https:\/\/seratonestudio.com\/fr\/wp-json\/wp\/v2\/comments?post=3753"}],"version-history":[{"count":7,"href":"https:\/\/seratonestudio.com\/fr\/wp-json\/wp\/v2\/pages\/3753\/revisions"}],"predecessor-version":[{"id":3974,"href":"https:\/\/seratonestudio.com\/fr\/wp-json\/wp\/v2\/pages\/3753\/revisions\/3974"}],"wp:attachment":[{"href":"https:\/\/seratonestudio.com\/fr\/wp-json\/wp\/v2\/media?parent=3753"}],"curies":[{"name":"wp","href":"https:\/\/api.w.org\/{rel}","templated":true}]}}