{"id":3752,"date":"2024-12-11T23:48:29","date_gmt":"2024-12-11T23:48:29","guid":{"rendered":"https:\/\/seratonestudio.com\/mixage-pour-la-video\/"},"modified":"2025-01-14T02:40:51","modified_gmt":"2025-01-14T02:40:51","slug":"mixage-pour-la-video","status":"publish","type":"page","link":"https:\/\/seratonestudio.com\/fr\/mixage-pour-la-video\/","title":{"rendered":"Mixage pour Vid\u00e9o"},"content":{"rendered":"\t\t<div data-elementor-type=\"wp-page\" data-elementor-id=\"3752\" class=\"elementor elementor-3752\" data-elementor-post-type=\"page\">\n\t\t\t\t<div class=\"wolf-core-elementor-row wolf-core-font- elementor-element elementor-element-e6eab97 e-flex e-con-boxed e-con e-parent\" data-font-skin=\"\" data-color-tone=\"\" data-id=\"e6eab97\" data-element_type=\"container\">\n\t\t\t\t\t<div class=\"e-con-inner\">\n\t\t\t\t<div class=\"elementor-element elementor-element-f9b6ad0 elementor-widget elementor-widget-spacer\" data-id=\"f9b6ad0\" data-element_type=\"widget\" data-widget_type=\"spacer.default\">\n\t\t\t\t<div class=\"elementor-widget-container\">\n\t\t\t\t\t\t\t<div class=\"elementor-spacer\">\n\t\t\t<div class=\"elementor-spacer-inner\"><\/div>\n\t\t<\/div>\n\t\t\t\t\t\t<\/div>\n\t\t\t\t<\/div>\n\t\t\t\t<div class=\"elementor-element elementor-element-fdfa69a elementor-widget elementor-widget-heading\" data-id=\"fdfa69a\" data-element_type=\"widget\" data-widget_type=\"heading.default\">\n\t\t\t\t<div class=\"elementor-widget-container\">\n\t\t\t\t\t<h2 class=\"elementor-heading-title elementor-size-default\">Mixage pour Vid\u00e9o<\/h2>\t\t\t\t<\/div>\n\t\t\t\t<\/div>\n\t\t\t\t<div class=\" elementor-element elementor-element-d203c50 elementor-widget elementor-widget-text-editor\" data-id=\"d203c50\" data-element_type=\"widget\" data-widget_type=\"text-editor.default\">\n\t\t\t\t<div class=\"elementor-widget-container\">\n\t\t\t\t\t\t\t\t\t<p>Le mixage audio d&rsquo;une vid\u00e9o est une \u00e9tape cruciale du processus de post-production, qui permet de s&rsquo;assurer que la bande sonore compl\u00e8te les images et capte l&rsquo;attention du public. Il s&rsquo;agit \u00e9galement d&rsquo;associer les \u00e9l\u00e9ments du dialogue et des effets sonores \u00e0 la musique pour que tout soit parfaitement \u00e9quilibr\u00e9.&nbsp;<\/p>\n<p>\u00c9quip\u00e9s d&rsquo;un logiciel qui nous permet de m\u00e9langer tous ces \u00e9l\u00e9ments en d\u00e9tail, nous serions heureux d&rsquo;\u00eatre les oreilles de vos yeux dans ce projet visuel.<\/p>\n\t\t\t\t\t\t\t\t<\/div>\n\t\t\t\t<\/div>\n\t\t\t\t\t<\/div>\n\t\t\t\t<\/div>\n\t\t<div class=\"wolf-core-elementor-row wolf-core-font- elementor-element elementor-element-a8c092c e-flex e-con-boxed e-con e-parent\" data-font-skin=\"\" data-color-tone=\"\" data-id=\"a8c092c\" data-element_type=\"container\">\n\t\t\t\t\t<div class=\"e-con-inner\">\n\t\t\t\t<div class=\"elementor-element elementor-element-8b51da5 elementor-cta--skin-cover elementor-animated-content elementor-bg-transform elementor-bg-transform-zoom-in elementor-widget elementor-widget-call-to-action\" data-id=\"8b51da5\" data-element_type=\"widget\" data-widget_type=\"call-to-action.default\">\n\t\t\t\t<div class=\"elementor-widget-container\">\n\t\t\t\t\t\t\t<a class=\"elementor-cta\" href=\"https:\/\/seratonestudio.com\/fr\/contactez-nous\/\">\n\t\t\t\t\t<div class=\"elementor-cta__bg-wrapper\">\n\t\t\t\t<div class=\"elementor-cta__bg elementor-bg\" style=\"background-image: url(https:\/\/seratonestudio.com\/wp-content\/uploads\/2024\/12\/Screen-Shot-2024-11-29-at-5.07.07-PM-1.png);\" role=\"img\" aria-label=\"Screen Shot 2024-11-29 at 5.07.07 PM\"><\/div>\n\t\t\t\t<div class=\"elementor-cta__bg-overlay\"><\/div>\n\t\t\t<\/div>\n\t\t\t\t\t\t\t<div class=\"elementor-cta__content\">\n\t\t\t\t\n\t\t\t\t\t\t\t\t\t<h2 class=\"elementor-cta__title elementor-cta__content-item elementor-content-item elementor-animated-item--grow\">\n\t\t\t\t\t\tContactez-nous pour plus d'informations\t\t\t\t\t<\/h2>\n\t\t\t\t\n\t\t\t\t\t\t\t\t\t<div class=\"elementor-cta__description elementor-cta__content-item elementor-content-item elementor-animated-item--grow\">\n\t\t\t\t\t\t<p>Vous recevrez une r\u00e9ponse dans les 24 heures<\/p>\n\t\t\t\t\t<\/div>\n\t\t\t\t\n\t\t\t\t\t\t\t\t\t<div class=\"elementor-cta__button-wrapper elementor-cta__content-item elementor-content-item elementor-animated-item--grow\">\n\t\t\t\t\t<span class=\"elementor-cta__button elementor-button elementor-size-\">\n\t\t\t\t\t\tCliquez ici\t\t\t\t\t<\/span>\n\t\t\t\t\t<\/div>\n\t\t\t\t\t\t\t<\/div>\n\t\t\t\t\t\t<\/a>\n\t\t\t\t\t\t<\/div>\n\t\t\t\t<\/div>\n\t\t\t\t\t<\/div>\n\t\t\t\t<\/div>\n\t\t\t\t<\/div>\n\t\t","protected":false},"excerpt":{"rendered":"<p>Mixage pour Vid\u00e9o Le mixage audio d&rsquo;une vid\u00e9o est une \u00e9tape cruciale du processus de post-production, qui permet de s&rsquo;assurer que la bande sonore compl\u00e8te les images et capte l&rsquo;attention du public. Il s&rsquo;agit \u00e9galement d&rsquo;associer les \u00e9l\u00e9ments du dialogue et des effets sonores \u00e0 la musique pour que tout soit parfaitement \u00e9quilibr\u00e9.&nbsp; \u00c9quip\u00e9s d&rsquo;un&#8230;<\/p>\n<p><a rel=\"bookmark\" class=\"theme-button-solid-accent wolf-core-button wolf-core-button-size-sm\" href=\"https:\/\/seratonestudio.com\/fr\/mixage-pour-la-video\/\"><span>Continue reading<\/span><\/a><\/p>\n","protected":false},"author":1,"featured_media":0,"parent":0,"menu_order":0,"comment_status":"closed","ping_status":"closed","template":"","meta":{"content-type":"","footnotes":""},"class_list":{"0":"post-3752","1":"page","2":"type-page","3":"status-publish","4":"hentry","5":"entry","6":"clearfix","7":"entry-grid","8":"entry-columns-default","9":"entry-page-module-layout-standard","10":"no-post-thumbnail","11":"entry-page","13":"entry-page-grid"},"yoast_head":"<!-- This site is optimized with the Yoast SEO plugin v24.2 - https:\/\/yoast.com\/wordpress\/plugins\/seo\/ -->\n<title>Mixage pour Vid\u00e9o - Seratone Studio<\/title>\n<meta name=\"robots\" content=\"noindex, follow, max-snippet:-1, max-image-preview:large, max-video-preview:-1\" \/>\n<meta property=\"og:locale\" content=\"fr_FR\" \/>\n<meta property=\"og:type\" content=\"article\" \/>\n<meta property=\"og:title\" content=\"Mixage pour Vid\u00e9o - Seratone Studio\" \/>\n<meta property=\"og:description\" content=\"Mixage pour Vid\u00e9o Le mixage audio d&rsquo;une vid\u00e9o est une \u00e9tape cruciale du processus de post-production, qui permet de s&rsquo;assurer que la bande sonore compl\u00e8te les images et capte l&rsquo;attention du public. Il s&rsquo;agit \u00e9galement d&rsquo;associer les \u00e9l\u00e9ments du dialogue et des effets sonores \u00e0 la musique pour que tout soit parfaitement \u00e9quilibr\u00e9.&nbsp; \u00c9quip\u00e9s d&rsquo;un...Continue reading\" \/>\n<meta property=\"og:url\" content=\"https:\/\/seratonestudio.com\/fr\/mixage-pour-la-video\/\" \/>\n<meta property=\"og:site_name\" content=\"Seratone Studio\" \/>\n<meta property=\"article:modified_time\" content=\"2025-01-14T02:40:51+00:00\" \/>\n<meta name=\"twitter:card\" content=\"summary_large_image\" \/>\n<meta name=\"twitter:label1\" content=\"Dur\u00e9e de lecture estim\u00e9e\" \/>\n\t<meta name=\"twitter:data1\" content=\"1 minute\" \/>\n<script type=\"application\/ld+json\" class=\"yoast-schema-graph\">{\"@context\":\"https:\/\/schema.org\",\"@graph\":[{\"@type\":\"WebPage\",\"@id\":\"https:\/\/seratonestudio.com\/fr\/mixage-pour-la-video\/\",\"url\":\"https:\/\/seratonestudio.com\/fr\/mixage-pour-la-video\/\",\"name\":\"Mixage pour Vid\u00e9o - Seratone Studio\",\"isPartOf\":{\"@id\":\"https:\/\/seratonestudio.com\/fr\/#website\"},\"datePublished\":\"2024-12-11T23:48:29+00:00\",\"dateModified\":\"2025-01-14T02:40:51+00:00\",\"breadcrumb\":{\"@id\":\"https:\/\/seratonestudio.com\/fr\/mixage-pour-la-video\/#breadcrumb\"},\"inLanguage\":\"fr-FR\",\"potentialAction\":[{\"@type\":\"ReadAction\",\"target\":[\"https:\/\/seratonestudio.com\/fr\/mixage-pour-la-video\/\"]}]},{\"@type\":\"BreadcrumbList\",\"@id\":\"https:\/\/seratonestudio.com\/fr\/mixage-pour-la-video\/#breadcrumb\",\"itemListElement\":[{\"@type\":\"ListItem\",\"position\":1,\"name\":\"Home\",\"item\":\"https:\/\/seratonestudio.com\/fr\/\"},{\"@type\":\"ListItem\",\"position\":2,\"name\":\"Mixage pour Vid\u00e9o\"}]},{\"@type\":\"WebSite\",\"@id\":\"https:\/\/seratonestudio.com\/fr\/#website\",\"url\":\"https:\/\/seratonestudio.com\/fr\/\",\"name\":\"Seratone Studio\",\"description\":\"The Nature of Recording\",\"publisher\":{\"@id\":\"https:\/\/seratonestudio.com\/fr\/#organization\"},\"potentialAction\":[{\"@type\":\"SearchAction\",\"target\":{\"@type\":\"EntryPoint\",\"urlTemplate\":\"https:\/\/seratonestudio.com\/fr\/?s={search_term_string}\"},\"query-input\":{\"@type\":\"PropertyValueSpecification\",\"valueRequired\":true,\"valueName\":\"search_term_string\"}}],\"inLanguage\":\"fr-FR\"},{\"@type\":\"Organization\",\"@id\":\"https:\/\/seratonestudio.com\/fr\/#organization\",\"name\":\"Seratone Studio\",\"url\":\"https:\/\/seratonestudio.com\/fr\/\",\"logo\":{\"@type\":\"ImageObject\",\"inLanguage\":\"fr-FR\",\"@id\":\"https:\/\/seratonestudio.com\/fr\/#\/schema\/logo\/image\/\",\"url\":\"https:\/\/seratonestudio.com\/wp-content\/uploads\/2024\/12\/Seratone-Vintage1-FX.png\",\"contentUrl\":\"https:\/\/seratonestudio.com\/wp-content\/uploads\/2024\/12\/Seratone-Vintage1-FX.png\",\"width\":1024,\"height\":934,\"caption\":\"Seratone Studio\"},\"image\":{\"@id\":\"https:\/\/seratonestudio.com\/fr\/#\/schema\/logo\/image\/\"}}]}<\/script>\n<!-- \/ Yoast SEO plugin. -->","yoast_head_json":{"title":"Mixage pour Vid\u00e9o - Seratone Studio","robots":{"index":"noindex","follow":"follow","max-snippet":"max-snippet:-1","max-image-preview":"max-image-preview:large","max-video-preview":"max-video-preview:-1"},"og_locale":"fr_FR","og_type":"article","og_title":"Mixage pour Vid\u00e9o - Seratone Studio","og_description":"Mixage pour Vid\u00e9o Le mixage audio d&rsquo;une vid\u00e9o est une \u00e9tape cruciale du processus de post-production, qui permet de s&rsquo;assurer que la bande sonore compl\u00e8te les images et capte l&rsquo;attention du public. Il s&rsquo;agit \u00e9galement d&rsquo;associer les \u00e9l\u00e9ments du dialogue et des effets sonores \u00e0 la musique pour que tout soit parfaitement \u00e9quilibr\u00e9.&nbsp; \u00c9quip\u00e9s d&rsquo;un...Continue reading","og_url":"https:\/\/seratonestudio.com\/fr\/mixage-pour-la-video\/","og_site_name":"Seratone Studio","article_modified_time":"2025-01-14T02:40:51+00:00","twitter_card":"summary_large_image","twitter_misc":{"Dur\u00e9e de lecture estim\u00e9e":"1 minute"},"schema":{"@context":"https:\/\/schema.org","@graph":[{"@type":"WebPage","@id":"https:\/\/seratonestudio.com\/fr\/mixage-pour-la-video\/","url":"https:\/\/seratonestudio.com\/fr\/mixage-pour-la-video\/","name":"Mixage pour Vid\u00e9o - Seratone Studio","isPartOf":{"@id":"https:\/\/seratonestudio.com\/fr\/#website"},"datePublished":"2024-12-11T23:48:29+00:00","dateModified":"2025-01-14T02:40:51+00:00","breadcrumb":{"@id":"https:\/\/seratonestudio.com\/fr\/mixage-pour-la-video\/#breadcrumb"},"inLanguage":"fr-FR","potentialAction":[{"@type":"ReadAction","target":["https:\/\/seratonestudio.com\/fr\/mixage-pour-la-video\/"]}]},{"@type":"BreadcrumbList","@id":"https:\/\/seratonestudio.com\/fr\/mixage-pour-la-video\/#breadcrumb","itemListElement":[{"@type":"ListItem","position":1,"name":"Home","item":"https:\/\/seratonestudio.com\/fr\/"},{"@type":"ListItem","position":2,"name":"Mixage pour Vid\u00e9o"}]},{"@type":"WebSite","@id":"https:\/\/seratonestudio.com\/fr\/#website","url":"https:\/\/seratonestudio.com\/fr\/","name":"Seratone Studio","description":"The Nature of Recording","publisher":{"@id":"https:\/\/seratonestudio.com\/fr\/#organization"},"potentialAction":[{"@type":"SearchAction","target":{"@type":"EntryPoint","urlTemplate":"https:\/\/seratonestudio.com\/fr\/?s={search_term_string}"},"query-input":{"@type":"PropertyValueSpecification","valueRequired":true,"valueName":"search_term_string"}}],"inLanguage":"fr-FR"},{"@type":"Organization","@id":"https:\/\/seratonestudio.com\/fr\/#organization","name":"Seratone Studio","url":"https:\/\/seratonestudio.com\/fr\/","logo":{"@type":"ImageObject","inLanguage":"fr-FR","@id":"https:\/\/seratonestudio.com\/fr\/#\/schema\/logo\/image\/","url":"https:\/\/seratonestudio.com\/wp-content\/uploads\/2024\/12\/Seratone-Vintage1-FX.png","contentUrl":"https:\/\/seratonestudio.com\/wp-content\/uploads\/2024\/12\/Seratone-Vintage1-FX.png","width":1024,"height":934,"caption":"Seratone Studio"},"image":{"@id":"https:\/\/seratonestudio.com\/fr\/#\/schema\/logo\/image\/"}}]}},"_links":{"self":[{"href":"https:\/\/seratonestudio.com\/fr\/wp-json\/wp\/v2\/pages\/3752","targetHints":{"allow":["GET"]}}],"collection":[{"href":"https:\/\/seratonestudio.com\/fr\/wp-json\/wp\/v2\/pages"}],"about":[{"href":"https:\/\/seratonestudio.com\/fr\/wp-json\/wp\/v2\/types\/page"}],"author":[{"embeddable":true,"href":"https:\/\/seratonestudio.com\/fr\/wp-json\/wp\/v2\/users\/1"}],"replies":[{"embeddable":true,"href":"https:\/\/seratonestudio.com\/fr\/wp-json\/wp\/v2\/comments?post=3752"}],"version-history":[{"count":10,"href":"https:\/\/seratonestudio.com\/fr\/wp-json\/wp\/v2\/pages\/3752\/revisions"}],"predecessor-version":[{"id":3982,"href":"https:\/\/seratonestudio.com\/fr\/wp-json\/wp\/v2\/pages\/3752\/revisions\/3982"}],"wp:attachment":[{"href":"https:\/\/seratonestudio.com\/fr\/wp-json\/wp\/v2\/media?parent=3752"}],"curies":[{"name":"wp","href":"https:\/\/api.w.org\/{rel}","templated":true}]}}